{"id":4160,"date":"2023-12-14T10:41:10","date_gmt":"2023-12-14T10:41:10","guid":{"rendered":"https:\/\/seamo.de\/?page_id=4160"},"modified":"2024-02-02T05:09:52","modified_gmt":"2024-02-02T05:09:52","slug":"medizin","status":"publish","type":"page","link":"https:\/\/seamo.de\/en\/branchen\/medizin\/","title":{"rendered":"Medicine"},"content":{"rendered":"<div data-elementor-type=\"wp-page\" data-elementor-id=\"4160\" class=\"elementor elementor-4160\" data-elementor-post-type=\"page\">\n\t\t\t\t\t\t\t\t\t<section class=\"elementor-section elementor-top-section elementor-element elementor-element-325f11a2 elementor-section-boxed elementor-section-height-default elementor-section-height-default\" data-id=\"325f11a2\" data-element_type=\"section\" data-settings=\"{&quot;background_background&quot;:&quot;classic&quot;,&quot;ekit_has_onepagescroll_dot&quot;:&quot;yes&quot;}\">\n\t\t\t\t\t\t\t<div class=\"elementor-background-overlay\"><\/div>\n\t\t\t\t\t\t\t<div class=\"elementor-container elementor-column-gap-default\">\n\t\t\t\t\t<div class=\"elementor-column elementor-col-100 elementor-top-column elementor-element elementor-element-2c42b8ac\" data-id=\"2c42b8ac\" data-element_type=\"column\">\n\t\t\t<div class=\"elementor-widget-wrap elementor-element-populated\">\n\t\t\t\t\t\t\t\t<div class=\"elementor-element elementor-element-471cd175 elementor-widget elementor-widget-heading\" data-id=\"471cd175\" data-element_type=\"widget\" data-settings=\"{&quot;ekit_we_effect_on&quot;:&quot;none&quot;}\" data-widget_type=\"heading.default\">\n\t\t\t\t<div class=\"elementor-widget-container\">\n\t\t\t<style>\/*! elementor - v3.18.0 - 06-12-2023 *\/\n.elementor-heading-title{padding:0;margin:0;line-height:1}.elementor-widget-heading .elementor-heading-title[class*=elementor-size-]>a{color:inherit;font-size:inherit;line-height:inherit}.elementor-widget-heading .elementor-heading-title.elementor-size-small{font-size:15px}.elementor-widget-heading .elementor-heading-title.elementor-size-medium{font-size:19px}.elementor-widget-heading .elementor-heading-title.elementor-size-large{font-size:29px}.elementor-widget-heading .elementor-heading-title.elementor-size-xl{font-size:39px}.elementor-widget-heading .elementor-heading-title.elementor-size-xxl{font-size:59px}<\/style><h1 class=\"elementor-heading-title elementor-size-default\">Medicine<\/h1>\t\t<\/div>\n\t\t\t\t<\/div>\n\t\t\t\t<div class=\"elementor-element elementor-element-472850a4 elementor-widget elementor-widget-heading\" data-id=\"472850a4\" data-element_type=\"widget\" data-settings=\"{&quot;ekit_we_effect_on&quot;:&quot;none&quot;}\" data-widget_type=\"heading.default\">\n\t\t\t\t<div class=\"elementor-widget-container\">\n\t\t\t<h5 class=\"elementor-heading-title elementor-size-default\">Your reliable partner for the successful implementation of demanding projects in medical technology<\/h5>\t\t<\/div>\n\t\t\t\t<\/div>\n\t\t\t\t\t<\/div>\n\t\t<\/div>\n\t\t\t\t\t\t\t<\/div>\n\t\t<\/section>\n\t\t\t\t<section class=\"elementor-section elementor-top-section elementor-element elementor-element-4f573150 elementor-section-stretched elementor-reverse-tablet elementor-reverse-mobile elementor-section-boxed elementor-section-height-default elementor-section-height-default\" data-id=\"4f573150\" data-element_type=\"section\" data-settings=\"{&quot;background_background&quot;:&quot;classic&quot;,&quot;stretch_section&quot;:&quot;section-stretched&quot;,&quot;ekit_has_onepagescroll_dot&quot;:&quot;yes&quot;}\">\n\t\t\t\t\t\t<div class=\"elementor-container elementor-column-gap-default\">\n\t\t\t\t\t<div class=\"elementor-column elementor-col-50 elementor-top-column elementor-element elementor-element-71108502\" data-id=\"71108502\" data-element_type=\"column\">\n\t\t\t<div class=\"elementor-widget-wrap elementor-element-populated\">\n\t\t\t\t\t\t\t\t<div class=\"elementor-element elementor-element-7f812ae9 elementor-widget elementor-widget-image\" data-id=\"7f812ae9\" data-element_type=\"widget\" data-settings=\"{&quot;ekit_we_effect_on&quot;:&quot;none&quot;}\" data-widget_type=\"image.default\">\n\t\t\t\t<div class=\"elementor-widget-container\">\n\t\t\t<style>\/*! elementor - v3.18.0 - 06-12-2023 *\/\n.elementor-widget-image{text-align:center}.elementor-widget-image a{display:inline-block}.elementor-widget-image a img[src$=\".svg\"]{width:48px}.elementor-widget-image img{vertical-align:middle;display:inline-block}<\/style>\t\t\t\t\t\t\t\t\t\t\t\t<img fetchpriority=\"high\" decoding=\"async\" width=\"1500\" height=\"1001\" src=\"https:\/\/seamo.de\/wp-content\/uploads\/2023\/12\/modern-equipment-operating-room-medical-devices-neurosurgery_optimized.jpg\" class=\"attachment-full size-full wp-image-4321\" alt=\"\" srcset=\"https:\/\/seamo.de\/wp-content\/uploads\/2023\/12\/modern-equipment-operating-room-medical-devices-neurosurgery_optimized.jpg 1500w, https:\/\/seamo.de\/wp-content\/uploads\/2023\/12\/modern-equipment-operating-room-medical-devices-neurosurgery_optimized-300x200.jpg 300w, https:\/\/seamo.de\/wp-content\/uploads\/2023\/12\/modern-equipment-operating-room-medical-devices-neurosurgery_optimized-1024x683.jpg 1024w, https:\/\/seamo.de\/wp-content\/uploads\/2023\/12\/modern-equipment-operating-room-medical-devices-neurosurgery_optimized-768x513.jpg 768w\" sizes=\"(max-width: 1500px) 100vw, 1500px\" \/>\t\t\t\t\t\t\t\t\t\t\t\t\t\t\t<\/div>\n\t\t\t\t<\/div>\n\t\t\t\t\t<\/div>\n\t\t<\/div>\n\t\t\t\t<div class=\"elementor-column elementor-col-50 elementor-top-column elementor-element elementor-element-645abea8\" data-id=\"645abea8\" data-element_type=\"column\" data-settings=\"{&quot;background_background&quot;:&quot;classic&quot;}\">\n\t\t\t<div class=\"elementor-widget-wrap elementor-element-populated\">\n\t\t\t\t\t\t\t\t<div class=\"elementor-element elementor-element-1c168f3a elementor-widget elementor-widget-heading\" data-id=\"1c168f3a\" data-element_type=\"widget\" data-settings=\"{&quot;ekit_we_effect_on&quot;:&quot;none&quot;}\" data-widget_type=\"heading.default\">\n\t\t\t\t<div class=\"elementor-widget-container\">\n\t\t\t<h2 class=\"elementor-heading-title elementor-size-default\">Specialist expertise for medical technology<\/h2>\t\t<\/div>\n\t\t\t\t<\/div>\n\t\t\t\t<div class=\"elementor-element elementor-element-7162eba7 elementor-widget elementor-widget-text-editor\" data-id=\"7162eba7\" data-element_type=\"widget\" data-settings=\"{&quot;ekit_we_effect_on&quot;:&quot;none&quot;}\" data-widget_type=\"text-editor.default\">\n\t\t\t\t<div class=\"elementor-widget-container\">\n\t\t\t<style>\/*! elementor - v3.18.0 - 06-12-2023 *\/\n.elementor-widget-text-editor.elementor-drop-cap-view-stacked .elementor-drop-cap{background-color:#69727d;color:#fff}.elementor-widget-text-editor.elementor-drop-cap-view-framed .elementor-drop-cap{color:#69727d;border:3px solid;background-color:transparent}.elementor-widget-text-editor:not(.elementor-drop-cap-view-default) .elementor-drop-cap{margin-top:8px}.elementor-widget-text-editor:not(.elementor-drop-cap-view-default) .elementor-drop-cap-letter{width:1em;height:1em}.elementor-widget-text-editor .elementor-drop-cap{float:left;text-align:center;line-height:1;font-size:50px}.elementor-widget-text-editor .elementor-drop-cap-letter{display:inline-block}<\/style>\t\t\t\t<p>At SEAMO Engineering, specialized support for medical technology projects is the focus of our services. Our highly motivated team of experienced engineers and professionals are ready to dedicate their dedication and expertise to your challenging medical device projects. We understand the unique challenges faced by companies in the medical device industry and have made it our mission to provide customized solutions tailored to the individual goals and requirements of our clients.The complexity and regulatory requirements in medical technology require a partner who not only has technical expertise, but also a deep understanding of the specific needs of the industry.<\/p>\t\t\t\t\t\t<\/div>\n\t\t\t\t<\/div>\n\t\t\t\t\t<\/div>\n\t\t<\/div>\n\t\t\t\t\t\t\t<\/div>\n\t\t<\/section>\n\t\t\t\t<section class=\"elementor-section elementor-top-section elementor-element elementor-element-658d08c7 elementor-reverse-tablet elementor-section-boxed elementor-section-height-default elementor-section-height-default\" data-id=\"658d08c7\" data-element_type=\"section\" data-settings=\"{&quot;background_background&quot;:&quot;classic&quot;,&quot;ekit_has_onepagescroll_dot&quot;:&quot;yes&quot;}\">\n\t\t\t\t\t\t<div class=\"elementor-container elementor-column-gap-default\">\n\t\t\t\t\t<div class=\"elementor-column elementor-col-50 elementor-top-column elementor-element elementor-element-3cff5829\" data-id=\"3cff5829\" data-element_type=\"column\" data-settings=\"{&quot;background_background&quot;:&quot;classic&quot;}\">\n\t\t\t<div class=\"elementor-widget-wrap elementor-element-populated\">\n\t\t\t\t\t\t\t\t<div class=\"elementor-element elementor-element-56abf09c elementor-widget elementor-widget-heading\" data-id=\"56abf09c\" data-element_type=\"widget\" data-settings=\"{&quot;ekit_we_effect_on&quot;:&quot;none&quot;}\" data-widget_type=\"heading.default\">\n\t\t\t\t<div class=\"elementor-widget-container\">\n\t\t\t<h2 class=\"elementor-heading-title elementor-size-default\">Partnership for excellent projects<\/h2>\t\t<\/div>\n\t\t\t\t<\/div>\n\t\t\t\t<div class=\"elementor-element elementor-element-54271b0f elementor-widget elementor-widget-text-editor\" data-id=\"54271b0f\" data-element_type=\"widget\" data-settings=\"{&quot;ekit_we_effect_on&quot;:&quot;none&quot;}\" data-widget_type=\"text-editor.default\">\n\t\t\t\t<div class=\"elementor-widget-container\">\n\t\t\t\t\t\t\t<p>Discover how SEAMO Engineering can be your reliable partner in medical technology. Our expertise spans various fields in medical technology and includes a wide range of specialists. Contact us today to learn about our comprehensive services and the expertise of our teams. We look forward to supporting you in the implementation of your medical technology projects and breaking new ground together.<\/p>\t\t\t\t\t\t<\/div>\n\t\t\t\t<\/div>\n\t\t\t\t<div class=\"elementor-element elementor-element-7cc70d02 ekit-equal-height-disable elementor-widget elementor-widget-elementskit-icon-box\" data-id=\"7cc70d02\" data-element_type=\"widget\" data-settings=\"{&quot;ekit_we_effect_on&quot;:&quot;none&quot;}\" data-widget_type=\"elementskit-icon-box.default\">\n\t\t\t\t<div class=\"elementor-widget-container\">\n\t\t\t<div class=\"ekit-wid-con\" >        <!-- link opening -->\n                <!-- end link opening -->\n\n        <div class=\"elementskit-infobox text-left text-left icon-lef-right-aligin elementor-animation- media\">\n                    <div class=\"elementskit-box-header elementor-animation-\">\n                <div class=\"elementskit-info-box-icon  text-center\">\n                    <i aria-hidden=\"true\" class=\"elementkit-infobox-icon icon icon-idea_generate\"><\/i>\n                <\/div>\n          <\/div>\n                        <div class=\"box-body\">\n                            <h3 class=\"elementskit-info-box-title\">\n                    Vision                <\/h3>\n                        \t\t  <p>\nMedical technology innovation, partnership, success.<\/p>\n                                <\/div>\n        \n        \n                <\/div>\n        <\/div>\t\t<\/div>\n\t\t\t\t<\/div>\n\t\t\t\t<div class=\"elementor-element elementor-element-68efe1f2 ekit-equal-height-disable elementor-widget elementor-widget-elementskit-icon-box\" data-id=\"68efe1f2\" data-element_type=\"widget\" data-settings=\"{&quot;ekit_we_effect_on&quot;:&quot;none&quot;}\" data-widget_type=\"elementskit-icon-box.default\">\n\t\t\t\t<div class=\"elementor-widget-container\">\n\t\t\t<div class=\"ekit-wid-con\" >        <!-- link opening -->\n                <!-- end link opening -->\n\n        <div class=\"elementskit-infobox text-left text-left icon-lef-right-aligin elementor-animation- media\">\n                    <div class=\"elementskit-box-header elementor-animation-\">\n                <div class=\"elementskit-info-box-icon  text-center\">\n                    <i aria-hidden=\"true\" class=\"elementkit-infobox-icon icon icon-Helmet\"><\/i>\n                <\/div>\n          <\/div>\n                        <div class=\"box-body\">\n                            <h3 class=\"elementskit-info-box-title\">\n                    Mission                <\/h3>\n                        \t\t  <p>Efficiency, expertise, progress.<\/p>\n                                <\/div>\n        \n        \n                <\/div>\n        <\/div>\t\t<\/div>\n\t\t\t\t<\/div>\n\t\t\t\t\t<\/div>\n\t\t<\/div>\n\t\t\t\t<div class=\"elementor-column elementor-col-50 elementor-top-column elementor-element elementor-element-2047d86b\" data-id=\"2047d86b\" data-element_type=\"column\">\n\t\t\t<div class=\"elementor-widget-wrap elementor-element-populated\">\n\t\t\t\t\t\t\t\t<div class=\"elementor-element elementor-element-2a9e03ee elementor-widget elementor-widget-image\" data-id=\"2a9e03ee\" data-element_type=\"widget\" data-settings=\"{&quot;ekit_we_effect_on&quot;:&quot;none&quot;}\" data-widget_type=\"image.default\">\n\t\t\t\t<div class=\"elementor-widget-container\">\n\t\t\t\t\t\t\t\t\t\t\t\t\t\t\t<img decoding=\"async\" width=\"1920\" height=\"1280\" src=\"https:\/\/seamo.de\/wp-content\/uploads\/2023\/12\/businesspeople-having-discussion-office_optimized-scaled.jpg\" class=\"attachment-full size-full wp-image-4503\" alt=\"\" srcset=\"https:\/\/seamo.de\/wp-content\/uploads\/2023\/12\/businesspeople-having-discussion-office_optimized-scaled.jpg 1920w, https:\/\/seamo.de\/wp-content\/uploads\/2023\/12\/businesspeople-having-discussion-office_optimized-300x200.jpg 300w, https:\/\/seamo.de\/wp-content\/uploads\/2023\/12\/businesspeople-having-discussion-office_optimized-1024x682.jpg 1024w, https:\/\/seamo.de\/wp-content\/uploads\/2023\/12\/businesspeople-having-discussion-office_optimized-768x512.jpg 768w, https:\/\/seamo.de\/wp-content\/uploads\/2023\/12\/businesspeople-having-discussion-office_optimized-1536x1024.jpg 1536w\" sizes=\"(max-width: 1920px) 100vw, 1920px\" \/>\t\t\t\t\t\t\t\t\t\t\t\t\t\t\t<\/div>\n\t\t\t\t<\/div>\n\t\t\t\t\t<\/div>\n\t\t<\/div>\n\t\t\t\t\t\t\t<\/div>\n\t\t<\/section>\n\t\t\t\t\t\t\t<\/div>","protected":false},"excerpt":{"rendered":"<p>Medicine Your reliable partner for the successful implementation of challenging medical technology projects Medical technology expertise At SEAMO Engineering, specialized support for medical technology projects is the focus of our services. Our highly motivated team of experienced engineers and specialists is ready to dedicate itself to your challenging medical technology projects with dedication and expertise. We understand [...]<\/p>","protected":false},"author":1,"featured_media":0,"parent":4147,"menu_order":0,"comment_status":"closed","ping_status":"closed","template":"elementor_header_footer","meta":{"inline_featured_image":false,"footnotes":""},"yoast_head":"<!-- This site is optimized with the Yoast SEO plugin v21.7 - https:\/\/yoast.com\/wordpress\/plugins\/seo\/ -->\n<title>Medizin | SEAMO<\/title>\n<meta name=\"robots\" content=\"index, follow, max-snippet:-1, max-image-preview:large, max-video-preview:-1\" \/>\n<link rel=\"canonical\" href=\"https:\/\/seamo.de\/en\/branchen\/medizin\/\" \/>\n<meta property=\"og:locale\" content=\"en_US\" \/>\n<meta property=\"og:type\" content=\"article\" \/>\n<meta property=\"og:title\" content=\"Medizin | SEAMO\" \/>\n<meta property=\"og:description\" content=\"Medizin Ihr zuverl\u00e4ssiger Partner f\u00fcr die erfolgreiche Umsetzung anspruchsvoller Projekte in der Medizintechnik Fachkompetenz f\u00fcr die Medizintechnik Bei SEAMO Engineering steht die spezialisierte Unterst\u00fctzung von Projekten in der Medizintechnik im Mittelpunkt unserer Dienstleistungen. Unser hochmotiviertes Team aus erfahrenen Ingenieuren und Fachleuten ist bereit, sich mit Hingabe und Fachkenntnissen Ihren anspruchsvollen Medizintechnikprojekten zu widmen. Wir verstehen [&hellip;]\" \/>\n<meta property=\"og:url\" content=\"https:\/\/seamo.de\/en\/branchen\/medizin\/\" \/>\n<meta property=\"og:site_name\" content=\"SEAMO\" \/>\n<meta property=\"article:modified_time\" content=\"2024-02-02T05:09:52+00:00\" \/>\n<meta property=\"og:image\" content=\"https:\/\/seamo.de\/wp-content\/uploads\/2023\/12\/modern-equipment-operating-room-medical-devices-neurosurgery_optimized.jpg\" \/>\n<meta name=\"twitter:card\" content=\"summary_large_image\" \/>\n<meta name=\"twitter:label1\" content=\"Est. reading time\" \/>\n\t<meta name=\"twitter:data1\" content=\"2 minutes\" \/>\n<script type=\"application\/ld+json\" class=\"yoast-schema-graph\">{\"@context\":\"https:\/\/schema.org\",\"@graph\":[{\"@type\":\"WebPage\",\"@id\":\"https:\/\/seamo.de\/branchen\/medizin\/\",\"url\":\"https:\/\/seamo.de\/branchen\/medizin\/\",\"name\":\"Medizin | SEAMO\",\"isPartOf\":{\"@id\":\"https:\/\/seamo.de\/#website\"},\"datePublished\":\"2023-12-14T10:41:10+00:00\",\"dateModified\":\"2024-02-02T05:09:52+00:00\",\"breadcrumb\":{\"@id\":\"https:\/\/seamo.de\/branchen\/medizin\/#breadcrumb\"},\"inLanguage\":\"en-US\",\"potentialAction\":[{\"@type\":\"ReadAction\",\"target\":[\"https:\/\/seamo.de\/branchen\/medizin\/\"]}]},{\"@type\":\"BreadcrumbList\",\"@id\":\"https:\/\/seamo.de\/branchen\/medizin\/#breadcrumb\",\"itemListElement\":[{\"@type\":\"ListItem\",\"position\":1,\"name\":\"Home\",\"item\":\"https:\/\/seamo.de\/\"},{\"@type\":\"ListItem\",\"position\":2,\"name\":\"Branchen\",\"item\":\"https:\/\/seamo.de\/branchen\/\"},{\"@type\":\"ListItem\",\"position\":3,\"name\":\"Medizin\"}]},{\"@type\":\"WebSite\",\"@id\":\"https:\/\/seamo.de\/#website\",\"url\":\"https:\/\/seamo.de\/\",\"name\":\"SEAMO\",\"description\":\"Safe, Electrified &amp; Autonomous Mobility\",\"potentialAction\":[{\"@type\":\"SearchAction\",\"target\":{\"@type\":\"EntryPoint\",\"urlTemplate\":\"https:\/\/seamo.de\/?s={search_term_string}\"},\"query-input\":\"required name=search_term_string\"}],\"inLanguage\":\"en-US\"}]}<\/script>\n<!-- \/ Yoast SEO plugin. -->","yoast_head_json":{"title":"Medizin | SEAMO","robots":{"index":"index","follow":"follow","max-snippet":"max-snippet:-1","max-image-preview":"max-image-preview:large","max-video-preview":"max-video-preview:-1"},"canonical":"https:\/\/seamo.de\/en\/branchen\/medizin\/","og_locale":"en_US","og_type":"article","og_title":"Medizin | SEAMO","og_description":"Medizin Ihr zuverl\u00e4ssiger Partner f\u00fcr die erfolgreiche Umsetzung anspruchsvoller Projekte in der Medizintechnik Fachkompetenz f\u00fcr die Medizintechnik Bei SEAMO Engineering steht die spezialisierte Unterst\u00fctzung von Projekten in der Medizintechnik im Mittelpunkt unserer Dienstleistungen. Unser hochmotiviertes Team aus erfahrenen Ingenieuren und Fachleuten ist bereit, sich mit Hingabe und Fachkenntnissen Ihren anspruchsvollen Medizintechnikprojekten zu widmen. Wir verstehen [&hellip;]","og_url":"https:\/\/seamo.de\/en\/branchen\/medizin\/","og_site_name":"SEAMO","article_modified_time":"2024-02-02T05:09:52+00:00","og_image":[{"url":"https:\/\/seamo.de\/wp-content\/uploads\/2023\/12\/modern-equipment-operating-room-medical-devices-neurosurgery_optimized.jpg"}],"twitter_card":"summary_large_image","twitter_misc":{"Est. reading time":"2 minutes"},"schema":{"@context":"https:\/\/schema.org","@graph":[{"@type":"WebPage","@id":"https:\/\/seamo.de\/branchen\/medizin\/","url":"https:\/\/seamo.de\/branchen\/medizin\/","name":"Medizin | SEAMO","isPartOf":{"@id":"https:\/\/seamo.de\/#website"},"datePublished":"2023-12-14T10:41:10+00:00","dateModified":"2024-02-02T05:09:52+00:00","breadcrumb":{"@id":"https:\/\/seamo.de\/branchen\/medizin\/#breadcrumb"},"inLanguage":"en-US","potentialAction":[{"@type":"ReadAction","target":["https:\/\/seamo.de\/branchen\/medizin\/"]}]},{"@type":"BreadcrumbList","@id":"https:\/\/seamo.de\/branchen\/medizin\/#breadcrumb","itemListElement":[{"@type":"ListItem","position":1,"name":"Home","item":"https:\/\/seamo.de\/"},{"@type":"ListItem","position":2,"name":"Branchen","item":"https:\/\/seamo.de\/branchen\/"},{"@type":"ListItem","position":3,"name":"Medizin"}]},{"@type":"WebSite","@id":"https:\/\/seamo.de\/#website","url":"https:\/\/seamo.de\/","name":"SEAMO","description":"Safe, Electrified &amp; Autonomous Mobility","potentialAction":[{"@type":"SearchAction","target":{"@type":"EntryPoint","urlTemplate":"https:\/\/seamo.de\/?s={search_term_string}"},"query-input":"required name=search_term_string"}],"inLanguage":"en-US"}]}},"_links":{"self":[{"href":"https:\/\/seamo.de\/en\/wp-json\/wp\/v2\/pages\/4160"}],"collection":[{"href":"https:\/\/seamo.de\/en\/wp-json\/wp\/v2\/pages"}],"about":[{"href":"https:\/\/seamo.de\/en\/wp-json\/wp\/v2\/types\/page"}],"author":[{"embeddable":true,"href":"https:\/\/seamo.de\/en\/wp-json\/wp\/v2\/users\/1"}],"replies":[{"embeddable":true,"href":"https:\/\/seamo.de\/en\/wp-json\/wp\/v2\/comments?post=4160"}],"version-history":[{"count":40,"href":"https:\/\/seamo.de\/en\/wp-json\/wp\/v2\/pages\/4160\/revisions"}],"predecessor-version":[{"id":5880,"href":"https:\/\/seamo.de\/en\/wp-json\/wp\/v2\/pages\/4160\/revisions\/5880"}],"up":[{"embeddable":true,"href":"https:\/\/seamo.de\/en\/wp-json\/wp\/v2\/pages\/4147"}],"wp:attachment":[{"href":"https:\/\/seamo.de\/en\/wp-json\/wp\/v2\/media?parent=4160"}],"curies":[{"name":"wp","href":"https:\/\/api.w.org\/{rel}","templated":true}]}}