{"id":4164,"date":"2023-12-14T10:41:33","date_gmt":"2023-12-14T10:41:33","guid":{"rendered":"https:\/\/seamo.de\/?page_id=4164"},"modified":"2024-02-02T05:10:10","modified_gmt":"2024-02-02T05:10:10","slug":"it","status":"publish","type":"page","link":"https:\/\/seamo.de\/en\/branchen\/it\/","title":{"rendered":"IT"},"content":{"rendered":"<div data-elementor-type=\"wp-page\" data-elementor-id=\"4164\" class=\"elementor elementor-4164\" data-elementor-post-type=\"page\">\n\t\t\t\t\t\t\t\t\t<section class=\"elementor-section elementor-top-section elementor-element elementor-element-325f11a2 elementor-section-boxed elementor-section-height-default elementor-section-height-default\" data-id=\"325f11a2\" data-element_type=\"section\" data-settings=\"{&quot;background_background&quot;:&quot;classic&quot;,&quot;ekit_has_onepagescroll_dot&quot;:&quot;yes&quot;}\">\n\t\t\t\t\t\t\t<div class=\"elementor-background-overlay\"><\/div>\n\t\t\t\t\t\t\t<div class=\"elementor-container elementor-column-gap-default\">\n\t\t\t\t\t<div class=\"elementor-column elementor-col-100 elementor-top-column elementor-element elementor-element-2c42b8ac\" data-id=\"2c42b8ac\" data-element_type=\"column\">\n\t\t\t<div class=\"elementor-widget-wrap elementor-element-populated\">\n\t\t\t\t\t\t\t\t<div class=\"elementor-element elementor-element-471cd175 elementor-widget elementor-widget-heading\" data-id=\"471cd175\" data-element_type=\"widget\" data-settings=\"{&quot;ekit_we_effect_on&quot;:&quot;none&quot;}\" data-widget_type=\"heading.default\">\n\t\t\t\t<div class=\"elementor-widget-container\">\n\t\t\t<style>\/*! elementor - v3.18.0 - 06-12-2023 *\/\n.elementor-heading-title{padding:0;margin:0;line-height:1}.elementor-widget-heading .elementor-heading-title[class*=elementor-size-]>a{color:inherit;font-size:inherit;line-height:inherit}.elementor-widget-heading .elementor-heading-title.elementor-size-small{font-size:15px}.elementor-widget-heading .elementor-heading-title.elementor-size-medium{font-size:19px}.elementor-widget-heading .elementor-heading-title.elementor-size-large{font-size:29px}.elementor-widget-heading .elementor-heading-title.elementor-size-xl{font-size:39px}.elementor-widget-heading .elementor-heading-title.elementor-size-xxl{font-size:59px}<\/style><h1 class=\"elementor-heading-title elementor-size-default\">IT<\/h1>\t\t<\/div>\n\t\t\t\t<\/div>\n\t\t\t\t<div class=\"elementor-element elementor-element-472850a4 elementor-widget elementor-widget-heading\" data-id=\"472850a4\" data-element_type=\"widget\" data-settings=\"{&quot;ekit_we_effect_on&quot;:&quot;none&quot;}\" data-widget_type=\"heading.default\">\n\t\t\t\t<div class=\"elementor-widget-container\">\n\t\t\t<h5 class=\"elementor-heading-title elementor-size-default\">Industry-specific expertise: customized IT solutions for your success<\/h5>\t\t<\/div>\n\t\t\t\t<\/div>\n\t\t\t\t\t<\/div>\n\t\t<\/div>\n\t\t\t\t\t\t\t<\/div>\n\t\t<\/section>\n\t\t\t\t<section class=\"elementor-section elementor-top-section elementor-element elementor-element-4f573150 elementor-section-stretched elementor-reverse-tablet elementor-reverse-mobile elementor-section-boxed elementor-section-height-default elementor-section-height-default\" data-id=\"4f573150\" data-element_type=\"section\" data-settings=\"{&quot;background_background&quot;:&quot;classic&quot;,&quot;stretch_section&quot;:&quot;section-stretched&quot;,&quot;ekit_has_onepagescroll_dot&quot;:&quot;yes&quot;}\">\n\t\t\t\t\t\t<div class=\"elementor-container elementor-column-gap-default\">\n\t\t\t\t\t<div class=\"elementor-column elementor-col-50 elementor-top-column elementor-element elementor-element-71108502\" data-id=\"71108502\" data-element_type=\"column\">\n\t\t\t<div class=\"elementor-widget-wrap elementor-element-populated\">\n\t\t\t\t\t\t\t\t<div class=\"elementor-element elementor-element-7f812ae9 elementor-widget elementor-widget-image\" data-id=\"7f812ae9\" data-element_type=\"widget\" data-settings=\"{&quot;ekit_we_effect_on&quot;:&quot;none&quot;}\" data-widget_type=\"image.default\">\n\t\t\t\t<div class=\"elementor-widget-container\">\n\t\t\t<style>\/*! elementor - v3.18.0 - 06-12-2023 *\/\n.elementor-widget-image{text-align:center}.elementor-widget-image a{display:inline-block}.elementor-widget-image a img[src$=\".svg\"]{width:48px}.elementor-widget-image img{vertical-align:middle;display:inline-block}<\/style>\t\t\t\t\t\t\t\t\t\t\t\t<img fetchpriority=\"high\" decoding=\"async\" width=\"1920\" height=\"1280\" src=\"https:\/\/seamo.de\/wp-content\/uploads\/2023\/12\/programmers-typing-data-code-working-project-software-development-company-1_optimized-scaled.jpg\" class=\"attachment-full size-full wp-image-4514\" alt=\"\" srcset=\"https:\/\/seamo.de\/wp-content\/uploads\/2023\/12\/programmers-typing-data-code-working-project-software-development-company-1_optimized-scaled.jpg 1920w, https:\/\/seamo.de\/wp-content\/uploads\/2023\/12\/programmers-typing-data-code-working-project-software-development-company-1_optimized-300x200.jpg 300w, https:\/\/seamo.de\/wp-content\/uploads\/2023\/12\/programmers-typing-data-code-working-project-software-development-company-1_optimized-1024x682.jpg 1024w, https:\/\/seamo.de\/wp-content\/uploads\/2023\/12\/programmers-typing-data-code-working-project-software-development-company-1_optimized-768x512.jpg 768w, https:\/\/seamo.de\/wp-content\/uploads\/2023\/12\/programmers-typing-data-code-working-project-software-development-company-1_optimized-1536x1024.jpg 1536w\" sizes=\"(max-width: 1920px) 100vw, 1920px\" \/>\t\t\t\t\t\t\t\t\t\t\t\t\t\t\t<\/div>\n\t\t\t\t<\/div>\n\t\t\t\t\t<\/div>\n\t\t<\/div>\n\t\t\t\t<div class=\"elementor-column elementor-col-50 elementor-top-column elementor-element elementor-element-645abea8\" data-id=\"645abea8\" data-element_type=\"column\" data-settings=\"{&quot;background_background&quot;:&quot;classic&quot;}\">\n\t\t\t<div class=\"elementor-widget-wrap elementor-element-populated\">\n\t\t\t\t\t\t\t\t<div class=\"elementor-element elementor-element-1c168f3a elementor-widget elementor-widget-heading\" data-id=\"1c168f3a\" data-element_type=\"widget\" data-settings=\"{&quot;ekit_we_effect_on&quot;:&quot;none&quot;}\" data-widget_type=\"heading.default\">\n\t\t\t\t<div class=\"elementor-widget-container\">\n\t\t\t<h2 class=\"elementor-heading-title elementor-size-default\">Industry-specific IT excellence<\/h2>\t\t<\/div>\n\t\t\t\t<\/div>\n\t\t\t\t<div class=\"elementor-element elementor-element-7162eba7 elementor-widget elementor-widget-text-editor\" data-id=\"7162eba7\" data-element_type=\"widget\" data-settings=\"{&quot;ekit_we_effect_on&quot;:&quot;none&quot;}\" data-widget_type=\"text-editor.default\">\n\t\t\t\t<div class=\"elementor-widget-container\">\n\t\t\t<style>\/*! elementor - v3.18.0 - 06-12-2023 *\/\n.elementor-widget-text-editor.elementor-drop-cap-view-stacked .elementor-drop-cap{background-color:#69727d;color:#fff}.elementor-widget-text-editor.elementor-drop-cap-view-framed .elementor-drop-cap{color:#69727d;border:3px solid;background-color:transparent}.elementor-widget-text-editor:not(.elementor-drop-cap-view-default) .elementor-drop-cap{margin-top:8px}.elementor-widget-text-editor:not(.elementor-drop-cap-view-default) .elementor-drop-cap-letter{width:1em;height:1em}.elementor-widget-text-editor .elementor-drop-cap{float:left;text-align:center;line-height:1;font-size:50px}.elementor-widget-text-editor .elementor-drop-cap-letter{display:inline-block}<\/style>\t\t\t\t<p>In a world characterized by digital advancements and constant change, we understand the importance of qualified IT staff who not only have outstanding technical skills, but also understand the specific needs and goals of your business. We recognize that every industry brings its own challenges, and our goal is to provide you with IT professionals who not only understand the technology, but are also familiar with the unique operations of your industry. Our IT experts are characterized not only by their technical know-how, but also by their industry-specific knowledge. This enables us to offer customized solutions that are precisely tailored to your requirements.\u00a0<\/p>\t\t\t\t\t\t<\/div>\n\t\t\t\t<\/div>\n\t\t\t\t\t<\/div>\n\t\t<\/div>\n\t\t\t\t\t\t\t<\/div>\n\t\t<\/section>\n\t\t\t\t<section class=\"elementor-section elementor-top-section elementor-element elementor-element-658d08c7 elementor-reverse-tablet elementor-section-boxed elementor-section-height-default elementor-section-height-default\" data-id=\"658d08c7\" data-element_type=\"section\" data-settings=\"{&quot;background_background&quot;:&quot;classic&quot;,&quot;ekit_has_onepagescroll_dot&quot;:&quot;yes&quot;}\">\n\t\t\t\t\t\t<div class=\"elementor-container elementor-column-gap-default\">\n\t\t\t\t\t<div class=\"elementor-column elementor-col-50 elementor-top-column elementor-element elementor-element-3cff5829\" data-id=\"3cff5829\" data-element_type=\"column\" data-settings=\"{&quot;background_background&quot;:&quot;classic&quot;}\">\n\t\t\t<div class=\"elementor-widget-wrap elementor-element-populated\">\n\t\t\t\t\t\t\t\t<div class=\"elementor-element elementor-element-56abf09c elementor-widget elementor-widget-heading\" data-id=\"56abf09c\" data-element_type=\"widget\" data-settings=\"{&quot;ekit_we_effect_on&quot;:&quot;none&quot;}\" data-widget_type=\"heading.default\">\n\t\t\t\t<div class=\"elementor-widget-container\">\n\t\t\t<h2 class=\"elementor-heading-title elementor-size-default\">Future-oriented IT partnership for your success<\/h2>\t\t<\/div>\n\t\t\t\t<\/div>\n\t\t\t\t<div class=\"elementor-element elementor-element-54271b0f elementor-widget elementor-widget-text-editor\" data-id=\"54271b0f\" data-element_type=\"widget\" data-settings=\"{&quot;ekit_we_effect_on&quot;:&quot;none&quot;}\" data-widget_type=\"text-editor.default\">\n\t\t\t\t<div class=\"elementor-widget-container\">\n\t\t\t\t\t\t\t<p>Together we can shape the future of your IT strategy to increase your company's success and open up new horizons. We strive not only to meet your current requirements, but also to create a flexible IT infrastructure that can adapt to ever-changing market demands. Find out more about how we can understand your needs and achieve your goals. Your success is our common goal - let's work together to set new standards and create a successful future!<\/p>\t\t\t\t\t\t<\/div>\n\t\t\t\t<\/div>\n\t\t\t\t<div class=\"elementor-element elementor-element-7cc70d02 ekit-equal-height-disable elementor-widget elementor-widget-elementskit-icon-box\" data-id=\"7cc70d02\" data-element_type=\"widget\" data-settings=\"{&quot;ekit_we_effect_on&quot;:&quot;none&quot;}\" data-widget_type=\"elementskit-icon-box.default\">\n\t\t\t\t<div class=\"elementor-widget-container\">\n\t\t\t<div class=\"ekit-wid-con\" >        <!-- link opening -->\n                <!-- end link opening -->\n\n        <div class=\"elementskit-infobox text-left text-left icon-lef-right-aligin elementor-animation- media\">\n                    <div class=\"elementskit-box-header elementor-animation-\">\n                <div class=\"elementskit-info-box-icon  text-center\">\n                    <i aria-hidden=\"true\" class=\"elementkit-infobox-icon icon icon-idea_generate\"><\/i>\n                <\/div>\n          <\/div>\n                        <div class=\"box-body\">\n                            <h3 class=\"elementskit-info-box-title\">\n                    Vision                <\/h3>\n                        \t\t  <p>Digital industry innovation<\/p>\n                                <\/div>\n        \n        \n                <\/div>\n        <\/div>\t\t<\/div>\n\t\t\t\t<\/div>\n\t\t\t\t<div class=\"elementor-element elementor-element-68efe1f2 ekit-equal-height-disable elementor-widget elementor-widget-elementskit-icon-box\" data-id=\"68efe1f2\" data-element_type=\"widget\" data-settings=\"{&quot;ekit_we_effect_on&quot;:&quot;none&quot;}\" data-widget_type=\"elementskit-icon-box.default\">\n\t\t\t\t<div class=\"elementor-widget-container\">\n\t\t\t<div class=\"ekit-wid-con\" >        <!-- link opening -->\n                <!-- end link opening -->\n\n        <div class=\"elementskit-infobox text-left text-left icon-lef-right-aligin elementor-animation- media\">\n                    <div class=\"elementskit-box-header elementor-animation-\">\n                <div class=\"elementskit-info-box-icon  text-center\">\n                    <i aria-hidden=\"true\" class=\"elementkit-infobox-icon icon icon-Helmet\"><\/i>\n                <\/div>\n          <\/div>\n                        <div class=\"box-body\">\n                            <h3 class=\"elementskit-info-box-title\">\n                    Mission                <\/h3>\n                        \t\t  <p>Targeted IT support<\/p>\n                                <\/div>\n        \n        \n                <\/div>\n        <\/div>\t\t<\/div>\n\t\t\t\t<\/div>\n\t\t\t\t\t<\/div>\n\t\t<\/div>\n\t\t\t\t<div class=\"elementor-column elementor-col-50 elementor-top-column elementor-element elementor-element-2047d86b\" data-id=\"2047d86b\" data-element_type=\"column\">\n\t\t\t<div class=\"elementor-widget-wrap elementor-element-populated\">\n\t\t\t\t\t\t\t\t<div class=\"elementor-element elementor-element-2a9e03ee elementor-widget elementor-widget-image\" data-id=\"2a9e03ee\" data-element_type=\"widget\" data-settings=\"{&quot;ekit_we_effect_on&quot;:&quot;none&quot;}\" data-widget_type=\"image.default\">\n\t\t\t\t<div class=\"elementor-widget-container\">\n\t\t\t\t\t\t\t\t\t\t\t\t\t\t\t<img decoding=\"async\" width=\"1920\" height=\"1280\" src=\"https:\/\/seamo.de\/wp-content\/uploads\/2023\/12\/executives-joking-laughing-office_optimized-scaled.jpg\" class=\"attachment-full size-full wp-image-4515\" alt=\"\" srcset=\"https:\/\/seamo.de\/wp-content\/uploads\/2023\/12\/executives-joking-laughing-office_optimized-scaled.jpg 1920w, https:\/\/seamo.de\/wp-content\/uploads\/2023\/12\/executives-joking-laughing-office_optimized-300x200.jpg 300w, https:\/\/seamo.de\/wp-content\/uploads\/2023\/12\/executives-joking-laughing-office_optimized-1024x682.jpg 1024w, https:\/\/seamo.de\/wp-content\/uploads\/2023\/12\/executives-joking-laughing-office_optimized-768x512.jpg 768w, https:\/\/seamo.de\/wp-content\/uploads\/2023\/12\/executives-joking-laughing-office_optimized-1536x1024.jpg 1536w\" sizes=\"(max-width: 1920px) 100vw, 1920px\" \/>\t\t\t\t\t\t\t\t\t\t\t\t\t\t\t<\/div>\n\t\t\t\t<\/div>\n\t\t\t\t\t<\/div>\n\t\t<\/div>\n\t\t\t\t\t\t\t<\/div>\n\t\t<\/section>\n\t\t\t\t\t\t\t<\/div>","protected":false},"excerpt":{"rendered":"<p>IT Industry-specific expertise: IT solutions tailored to your success Industry-specific IT excellence In a world characterized by digital advancements and constant change, we understand the importance of qualified IT personnel who not only have outstanding technical skills, but also understand the specific needs and goals of your business. We recognize that every industry has its own [...]<\/p>","protected":false},"author":1,"featured_media":0,"parent":4147,"menu_order":0,"comment_status":"closed","ping_status":"closed","template":"elementor_header_footer","meta":{"inline_featured_image":false,"footnotes":""},"yoast_head":"<!-- This site is optimized with the Yoast SEO plugin v21.7 - https:\/\/yoast.com\/wordpress\/plugins\/seo\/ -->\n<title>IT | SEAMO<\/title>\n<meta name=\"robots\" content=\"index, follow, max-snippet:-1, max-image-preview:large, max-video-preview:-1\" \/>\n<link rel=\"canonical\" href=\"https:\/\/seamo.de\/en\/branchen\/it\/\" \/>\n<meta property=\"og:locale\" content=\"en_US\" \/>\n<meta property=\"og:type\" content=\"article\" \/>\n<meta property=\"og:title\" content=\"IT | SEAMO\" \/>\n<meta property=\"og:description\" content=\"IT Branchenspezifische Expertise: IT-L\u00f6sungen nach Ma\u00df f\u00fcr Ihren Erfolg Branchenspezifische IT-Exzellenz In einer Welt, die von digitalen Fortschritten und st\u00e4ndigem Wandel gepr\u00e4gt ist, verstehen wir die Bedeutung qualifizierten IT-Personals, das nicht nur \u00fcber herausragende technische F\u00e4higkeiten verf\u00fcgt, sondern auch die spezifischen Anforderungen und Ziele Ihres Unternehmens versteht. Wir erkennen an, dass jede Branche ihre eigenen [&hellip;]\" \/>\n<meta property=\"og:url\" content=\"https:\/\/seamo.de\/en\/branchen\/it\/\" \/>\n<meta property=\"og:site_name\" content=\"SEAMO\" \/>\n<meta property=\"article:modified_time\" content=\"2024-02-02T05:10:10+00:00\" \/>\n<meta property=\"og:image\" content=\"https:\/\/seamo.de\/wp-content\/uploads\/2023\/12\/programmers-typing-data-code-working-project-software-development-company-1_optimized-scaled.jpg\" \/>\n<meta name=\"twitter:card\" content=\"summary_large_image\" \/>\n<meta name=\"twitter:label1\" content=\"Est. reading time\" \/>\n\t<meta name=\"twitter:data1\" content=\"2 minutes\" \/>\n<script type=\"application\/ld+json\" class=\"yoast-schema-graph\">{\"@context\":\"https:\/\/schema.org\",\"@graph\":[{\"@type\":\"WebPage\",\"@id\":\"https:\/\/seamo.de\/branchen\/it\/\",\"url\":\"https:\/\/seamo.de\/branchen\/it\/\",\"name\":\"IT | SEAMO\",\"isPartOf\":{\"@id\":\"https:\/\/seamo.de\/#website\"},\"datePublished\":\"2023-12-14T10:41:33+00:00\",\"dateModified\":\"2024-02-02T05:10:10+00:00\",\"breadcrumb\":{\"@id\":\"https:\/\/seamo.de\/branchen\/it\/#breadcrumb\"},\"inLanguage\":\"en-US\",\"potentialAction\":[{\"@type\":\"ReadAction\",\"target\":[\"https:\/\/seamo.de\/branchen\/it\/\"]}]},{\"@type\":\"BreadcrumbList\",\"@id\":\"https:\/\/seamo.de\/branchen\/it\/#breadcrumb\",\"itemListElement\":[{\"@type\":\"ListItem\",\"position\":1,\"name\":\"Home\",\"item\":\"https:\/\/seamo.de\/\"},{\"@type\":\"ListItem\",\"position\":2,\"name\":\"Branchen\",\"item\":\"https:\/\/seamo.de\/branchen\/\"},{\"@type\":\"ListItem\",\"position\":3,\"name\":\"IT\"}]},{\"@type\":\"WebSite\",\"@id\":\"https:\/\/seamo.de\/#website\",\"url\":\"https:\/\/seamo.de\/\",\"name\":\"SEAMO\",\"description\":\"Safe, Electrified &amp; Autonomous Mobility\",\"potentialAction\":[{\"@type\":\"SearchAction\",\"target\":{\"@type\":\"EntryPoint\",\"urlTemplate\":\"https:\/\/seamo.de\/?s={search_term_string}\"},\"query-input\":\"required name=search_term_string\"}],\"inLanguage\":\"en-US\"}]}<\/script>\n<!-- \/ Yoast SEO plugin. -->","yoast_head_json":{"title":"IT | SEAMO","robots":{"index":"index","follow":"follow","max-snippet":"max-snippet:-1","max-image-preview":"max-image-preview:large","max-video-preview":"max-video-preview:-1"},"canonical":"https:\/\/seamo.de\/en\/branchen\/it\/","og_locale":"en_US","og_type":"article","og_title":"IT | SEAMO","og_description":"IT Branchenspezifische Expertise: IT-L\u00f6sungen nach Ma\u00df f\u00fcr Ihren Erfolg Branchenspezifische IT-Exzellenz In einer Welt, die von digitalen Fortschritten und st\u00e4ndigem Wandel gepr\u00e4gt ist, verstehen wir die Bedeutung qualifizierten IT-Personals, das nicht nur \u00fcber herausragende technische F\u00e4higkeiten verf\u00fcgt, sondern auch die spezifischen Anforderungen und Ziele Ihres Unternehmens versteht. Wir erkennen an, dass jede Branche ihre eigenen [&hellip;]","og_url":"https:\/\/seamo.de\/en\/branchen\/it\/","og_site_name":"SEAMO","article_modified_time":"2024-02-02T05:10:10+00:00","og_image":[{"url":"https:\/\/seamo.de\/wp-content\/uploads\/2023\/12\/programmers-typing-data-code-working-project-software-development-company-1_optimized-scaled.jpg"}],"twitter_card":"summary_large_image","twitter_misc":{"Est. reading time":"2 minutes"},"schema":{"@context":"https:\/\/schema.org","@graph":[{"@type":"WebPage","@id":"https:\/\/seamo.de\/branchen\/it\/","url":"https:\/\/seamo.de\/branchen\/it\/","name":"IT | SEAMO","isPartOf":{"@id":"https:\/\/seamo.de\/#website"},"datePublished":"2023-12-14T10:41:33+00:00","dateModified":"2024-02-02T05:10:10+00:00","breadcrumb":{"@id":"https:\/\/seamo.de\/branchen\/it\/#breadcrumb"},"inLanguage":"en-US","potentialAction":[{"@type":"ReadAction","target":["https:\/\/seamo.de\/branchen\/it\/"]}]},{"@type":"BreadcrumbList","@id":"https:\/\/seamo.de\/branchen\/it\/#breadcrumb","itemListElement":[{"@type":"ListItem","position":1,"name":"Home","item":"https:\/\/seamo.de\/"},{"@type":"ListItem","position":2,"name":"Branchen","item":"https:\/\/seamo.de\/branchen\/"},{"@type":"ListItem","position":3,"name":"IT"}]},{"@type":"WebSite","@id":"https:\/\/seamo.de\/#website","url":"https:\/\/seamo.de\/","name":"SEAMO","description":"Safe, Electrified &amp; Autonomous Mobility","potentialAction":[{"@type":"SearchAction","target":{"@type":"EntryPoint","urlTemplate":"https:\/\/seamo.de\/?s={search_term_string}"},"query-input":"required name=search_term_string"}],"inLanguage":"en-US"}]}},"_links":{"self":[{"href":"https:\/\/seamo.de\/en\/wp-json\/wp\/v2\/pages\/4164"}],"collection":[{"href":"https:\/\/seamo.de\/en\/wp-json\/wp\/v2\/pages"}],"about":[{"href":"https:\/\/seamo.de\/en\/wp-json\/wp\/v2\/types\/page"}],"author":[{"embeddable":true,"href":"https:\/\/seamo.de\/en\/wp-json\/wp\/v2\/users\/1"}],"replies":[{"embeddable":true,"href":"https:\/\/seamo.de\/en\/wp-json\/wp\/v2\/comments?post=4164"}],"version-history":[{"count":37,"href":"https:\/\/seamo.de\/en\/wp-json\/wp\/v2\/pages\/4164\/revisions"}],"predecessor-version":[{"id":5883,"href":"https:\/\/seamo.de\/en\/wp-json\/wp\/v2\/pages\/4164\/revisions\/5883"}],"up":[{"embeddable":true,"href":"https:\/\/seamo.de\/en\/wp-json\/wp\/v2\/pages\/4147"}],"wp:attachment":[{"href":"https:\/\/seamo.de\/en\/wp-json\/wp\/v2\/media?parent=4164"}],"curies":[{"name":"wp","href":"https:\/\/api.w.org\/{rel}","templated":true}]}}