{"id":4199,"date":"2023-12-14T10:57:59","date_gmt":"2023-12-14T10:57:59","guid":{"rendered":"https:\/\/seamo.de\/?page_id=4199"},"modified":"2025-09-23T13:50:52","modified_gmt":"2025-09-23T13:50:52","slug":"impressum","status":"publish","type":"page","link":"https:\/\/seamo.de\/en\/impressum\/","title":{"rendered":"Imprint"},"content":{"rendered":"<div data-elementor-type=\"wp-page\" data-elementor-id=\"4199\" class=\"elementor elementor-4199\" data-elementor-post-type=\"page\">\n\t\t\t\t\t\t\t\t\t<section class=\"elementor-section elementor-top-section elementor-element elementor-element-325f11a2 elementor-section-boxed elementor-section-height-default elementor-section-height-default\" data-id=\"325f11a2\" data-element_type=\"section\" data-settings=\"{&quot;background_background&quot;:&quot;classic&quot;,&quot;ekit_has_onepagescroll_dot&quot;:&quot;yes&quot;}\">\n\t\t\t\t\t\t\t<div class=\"elementor-background-overlay\"><\/div>\n\t\t\t\t\t\t\t<div class=\"elementor-container elementor-column-gap-default\">\n\t\t\t\t\t<div class=\"elementor-column elementor-col-100 elementor-top-column elementor-element elementor-element-2c42b8ac\" data-id=\"2c42b8ac\" data-element_type=\"column\">\n\t\t\t<div class=\"elementor-widget-wrap elementor-element-populated\">\n\t\t\t\t\t\t\t\t<div class=\"elementor-element elementor-element-471cd175 elementor-widget elementor-widget-heading\" data-id=\"471cd175\" data-element_type=\"widget\" data-settings=\"{&quot;ekit_we_effect_on&quot;:&quot;none&quot;}\" data-widget_type=\"heading.default\">\n\t\t\t\t<div class=\"elementor-widget-container\">\n\t\t\t<style>\/*! elementor - v3.18.0 - 06-12-2023 *\/\n.elementor-heading-title{padding:0;margin:0;line-height:1}.elementor-widget-heading .elementor-heading-title[class*=elementor-size-]>a{color:inherit;font-size:inherit;line-height:inherit}.elementor-widget-heading .elementor-heading-title.elementor-size-small{font-size:15px}.elementor-widget-heading .elementor-heading-title.elementor-size-medium{font-size:19px}.elementor-widget-heading .elementor-heading-title.elementor-size-large{font-size:29px}.elementor-widget-heading .elementor-heading-title.elementor-size-xl{font-size:39px}.elementor-widget-heading .elementor-heading-title.elementor-size-xxl{font-size:59px}<\/style><h1 class=\"elementor-heading-title elementor-size-default\">Imprint<\/h1>\t\t<\/div>\n\t\t\t\t<\/div>\n\t\t\t\t<div class=\"elementor-element elementor-element-472850a4 elementor-widget elementor-widget-heading\" data-id=\"472850a4\" data-element_type=\"widget\" data-settings=\"{&quot;ekit_we_effect_on&quot;:&quot;none&quot;}\" data-widget_type=\"heading.default\">\n\t\t\t\t<div class=\"elementor-widget-container\">\n\t\t\t<h5 class=\"elementor-heading-title elementor-size-default\">SEAMO Engineering GmbH\n\n<\/h5>\t\t<\/div>\n\t\t\t\t<\/div>\n\t\t\t\t\t<\/div>\n\t\t<\/div>\n\t\t\t\t\t\t\t<\/div>\n\t\t<\/section>\n\t\t\t\t<section class=\"elementor-section elementor-top-section elementor-element elementor-element-358acdd8 elementor-section-content-middle elementor-section-boxed elementor-section-height-default elementor-section-height-default\" data-id=\"358acdd8\" data-element_type=\"section\" data-settings=\"{&quot;ekit_has_onepagescroll_dot&quot;:&quot;yes&quot;}\">\n\t\t\t\t\t\t<div class=\"elementor-container elementor-column-gap-default\">\n\t\t\t\t\t<div class=\"elementor-column elementor-col-100 elementor-top-column elementor-element elementor-element-5d89d878\" data-id=\"5d89d878\" data-element_type=\"column\">\n\t\t\t<div class=\"elementor-widget-wrap elementor-element-populated\">\n\t\t\t\t\t\t\t\t<div class=\"elementor-element elementor-element-2e705692 elementor-widget elementor-widget-text-editor\" data-id=\"2e705692\" data-element_type=\"widget\" data-settings=\"{&quot;ekit_we_effect_on&quot;:&quot;none&quot;}\" data-widget_type=\"text-editor.default\">\n\t\t\t\t<div class=\"elementor-widget-container\">\n\t\t\t<style>\/*! elementor - v3.18.0 - 06-12-2023 *\/\n.elementor-widget-text-editor.elementor-drop-cap-view-stacked .elementor-drop-cap{background-color:#69727d;color:#fff}.elementor-widget-text-editor.elementor-drop-cap-view-framed .elementor-drop-cap{color:#69727d;border:3px solid;background-color:transparent}.elementor-widget-text-editor:not(.elementor-drop-cap-view-default) .elementor-drop-cap{margin-top:8px}.elementor-widget-text-editor:not(.elementor-drop-cap-view-default) .elementor-drop-cap-letter{width:1em;height:1em}.elementor-widget-text-editor .elementor-drop-cap{float:left;text-align:center;line-height:1;font-size:50px}.elementor-widget-text-editor .elementor-drop-cap-letter{display:inline-block}<\/style>\t\t\t\t<p><strong>SEAMO Engineering GmbH<\/strong><\/p>\n<p>Berliner Str. 71-75<\/p>\n<p>63477 Maintal<\/p>\n<p>Phone: +49 6181 5074810<\/p>\n<p>E-Mail:&nbsp;<span style=\"color: #ff0000;\"><a style=\"color: #ff0000;\" href=\"mailto:info@seamo.de\">info@seamo.de<\/a><\/span><\/p>\n<p><\/p>\n<p>Managing director authorized to represent the company: Shkelzen Bajraktari<\/p>\n<p>Register number: HRB 98505<\/p>\n<p>Register court: Hanau Local Court<\/p>\n<p>VAT ID No.: DE350088353<\/p>\n<p><\/p>\n<p>Note on liability: Despite careful control of the content, we assume no responsibility for the content of external links. The responsibility for the content of the linked pages lies solely with the respective operators.<\/p>\t\t\t\t\t\t<\/div>\n\t\t\t\t<\/div>\n\t\t\t\t\t<\/div>\n\t\t<\/div>\n\t\t\t\t\t\t\t<\/div>\n\t\t<\/section>\n\t\t\t\t\t\t\t<\/div>","protected":false},"excerpt":{"rendered":"<p>Impressum SEAMO Engineering GmbH SEAMO Engineering GmbH Berliner Str. 71-75 63477 Maintal Telefon: +49 6181 5074810 E-Mail:&nbsp;info@seamo.de Vertretungsberechtigte\/r Gesch\u00e4ftsf\u00fchrer\/in: Shkelzen Bajraktari Registernummer: HRB 98505 Registergericht: Amtsgericht Hanau USt.-ID-Nr.: DE350088353 Hinweis zur Haftung: Trotz sorgf\u00e4ltiger inhaltlicher Kontrolle \u00fcbernehmen wir keine Verantwortung f\u00fcr die Inhalte externer Links. Die Verantwortung f\u00fcr den Inhalt der verlinkten Seiten liegt allein [&hellip;]<\/p>","protected":false},"author":1,"featured_media":0,"parent":0,"menu_order":0,"comment_status":"closed","ping_status":"closed","template":"elementor_header_footer","meta":{"inline_featured_image":false,"footnotes":""},"yoast_head":"<!-- This site is optimized with the Yoast SEO plugin v21.7 - https:\/\/yoast.com\/wordpress\/plugins\/seo\/ -->\n<title>Impressum | SEAMO<\/title>\n<meta name=\"robots\" content=\"index, follow, max-snippet:-1, max-image-preview:large, max-video-preview:-1\" \/>\n<link rel=\"canonical\" href=\"https:\/\/seamo.de\/en\/impressum\/\" \/>\n<meta property=\"og:locale\" content=\"en_US\" \/>\n<meta property=\"og:type\" content=\"article\" \/>\n<meta property=\"og:title\" content=\"Impressum | SEAMO\" \/>\n<meta property=\"og:description\" content=\"Impressum SEAMO Engineering GmbH SEAMO Engineering GmbH Berliner Str. 71-75 63477 Maintal Telefon: +49 6181 5074810 E-Mail:&nbsp;info@seamo.de Vertretungsberechtigte\/r Gesch\u00e4ftsf\u00fchrer\/in: Shkelzen Bajraktari Registernummer: HRB 98505 Registergericht: Amtsgericht Hanau USt.-ID-Nr.: DE350088353 Hinweis zur Haftung: Trotz sorgf\u00e4ltiger inhaltlicher Kontrolle \u00fcbernehmen wir keine Verantwortung f\u00fcr die Inhalte externer Links. Die Verantwortung f\u00fcr den Inhalt der verlinkten Seiten liegt allein [&hellip;]\" \/>\n<meta property=\"og:url\" content=\"https:\/\/seamo.de\/en\/impressum\/\" \/>\n<meta property=\"og:site_name\" content=\"SEAMO\" \/>\n<meta property=\"article:modified_time\" content=\"2025-09-23T13:50:52+00:00\" \/>\n<meta name=\"twitter:card\" content=\"summary_large_image\" \/>\n<meta name=\"twitter:label1\" content=\"Est. reading time\" \/>\n\t<meta name=\"twitter:data1\" content=\"1 minute\" \/>\n<script type=\"application\/ld+json\" class=\"yoast-schema-graph\">{\"@context\":\"https:\/\/schema.org\",\"@graph\":[{\"@type\":\"WebPage\",\"@id\":\"https:\/\/seamo.de\/impressum\/\",\"url\":\"https:\/\/seamo.de\/impressum\/\",\"name\":\"Impressum | SEAMO\",\"isPartOf\":{\"@id\":\"https:\/\/seamo.de\/#website\"},\"datePublished\":\"2023-12-14T10:57:59+00:00\",\"dateModified\":\"2025-09-23T13:50:52+00:00\",\"breadcrumb\":{\"@id\":\"https:\/\/seamo.de\/impressum\/#breadcrumb\"},\"inLanguage\":\"en-US\",\"potentialAction\":[{\"@type\":\"ReadAction\",\"target\":[\"https:\/\/seamo.de\/impressum\/\"]}]},{\"@type\":\"BreadcrumbList\",\"@id\":\"https:\/\/seamo.de\/impressum\/#breadcrumb\",\"itemListElement\":[{\"@type\":\"ListItem\",\"position\":1,\"name\":\"Home\",\"item\":\"https:\/\/seamo.de\/\"},{\"@type\":\"ListItem\",\"position\":2,\"name\":\"Impressum\"}]},{\"@type\":\"WebSite\",\"@id\":\"https:\/\/seamo.de\/#website\",\"url\":\"https:\/\/seamo.de\/\",\"name\":\"SEAMO\",\"description\":\"Safe, Electrified &amp; Autonomous Mobility\",\"potentialAction\":[{\"@type\":\"SearchAction\",\"target\":{\"@type\":\"EntryPoint\",\"urlTemplate\":\"https:\/\/seamo.de\/?s={search_term_string}\"},\"query-input\":\"required name=search_term_string\"}],\"inLanguage\":\"en-US\"}]}<\/script>\n<!-- \/ Yoast SEO plugin. -->","yoast_head_json":{"title":"Impressum | SEAMO","robots":{"index":"index","follow":"follow","max-snippet":"max-snippet:-1","max-image-preview":"max-image-preview:large","max-video-preview":"max-video-preview:-1"},"canonical":"https:\/\/seamo.de\/en\/impressum\/","og_locale":"en_US","og_type":"article","og_title":"Impressum | SEAMO","og_description":"Impressum SEAMO Engineering GmbH SEAMO Engineering GmbH Berliner Str. 71-75 63477 Maintal Telefon: +49 6181 5074810 E-Mail:&nbsp;info@seamo.de Vertretungsberechtigte\/r Gesch\u00e4ftsf\u00fchrer\/in: Shkelzen Bajraktari Registernummer: HRB 98505 Registergericht: Amtsgericht Hanau USt.-ID-Nr.: DE350088353 Hinweis zur Haftung: Trotz sorgf\u00e4ltiger inhaltlicher Kontrolle \u00fcbernehmen wir keine Verantwortung f\u00fcr die Inhalte externer Links. Die Verantwortung f\u00fcr den Inhalt der verlinkten Seiten liegt allein [&hellip;]","og_url":"https:\/\/seamo.de\/en\/impressum\/","og_site_name":"SEAMO","article_modified_time":"2025-09-23T13:50:52+00:00","twitter_card":"summary_large_image","twitter_misc":{"Est. reading time":"1 minute"},"schema":{"@context":"https:\/\/schema.org","@graph":[{"@type":"WebPage","@id":"https:\/\/seamo.de\/impressum\/","url":"https:\/\/seamo.de\/impressum\/","name":"Impressum | SEAMO","isPartOf":{"@id":"https:\/\/seamo.de\/#website"},"datePublished":"2023-12-14T10:57:59+00:00","dateModified":"2025-09-23T13:50:52+00:00","breadcrumb":{"@id":"https:\/\/seamo.de\/impressum\/#breadcrumb"},"inLanguage":"en-US","potentialAction":[{"@type":"ReadAction","target":["https:\/\/seamo.de\/impressum\/"]}]},{"@type":"BreadcrumbList","@id":"https:\/\/seamo.de\/impressum\/#breadcrumb","itemListElement":[{"@type":"ListItem","position":1,"name":"Home","item":"https:\/\/seamo.de\/"},{"@type":"ListItem","position":2,"name":"Impressum"}]},{"@type":"WebSite","@id":"https:\/\/seamo.de\/#website","url":"https:\/\/seamo.de\/","name":"SEAMO","description":"Safe, Electrified &amp; Autonomous Mobility","potentialAction":[{"@type":"SearchAction","target":{"@type":"EntryPoint","urlTemplate":"https:\/\/seamo.de\/?s={search_term_string}"},"query-input":"required name=search_term_string"}],"inLanguage":"en-US"}]}},"_links":{"self":[{"href":"https:\/\/seamo.de\/en\/wp-json\/wp\/v2\/pages\/4199"}],"collection":[{"href":"https:\/\/seamo.de\/en\/wp-json\/wp\/v2\/pages"}],"about":[{"href":"https:\/\/seamo.de\/en\/wp-json\/wp\/v2\/types\/page"}],"author":[{"embeddable":true,"href":"https:\/\/seamo.de\/en\/wp-json\/wp\/v2\/users\/1"}],"replies":[{"embeddable":true,"href":"https:\/\/seamo.de\/en\/wp-json\/wp\/v2\/comments?post=4199"}],"version-history":[{"count":25,"href":"https:\/\/seamo.de\/en\/wp-json\/wp\/v2\/pages\/4199\/revisions"}],"predecessor-version":[{"id":6669,"href":"https:\/\/seamo.de\/en\/wp-json\/wp\/v2\/pages\/4199\/revisions\/6669"}],"wp:attachment":[{"href":"https:\/\/seamo.de\/en\/wp-json\/wp\/v2\/media?parent=4199"}],"curies":[{"name":"wp","href":"https:\/\/api.w.org\/{rel}","templated":true}]}}