{"id":6438,"date":"2025-04-04T12:15:22","date_gmt":"2025-04-04T12:15:22","guid":{"rendered":"https:\/\/seamo.de\/?page_id=6438"},"modified":"2025-04-07T11:12:39","modified_gmt":"2025-04-07T11:12:39","slug":"referenzen","status":"publish","type":"page","link":"https:\/\/seamo.de\/en\/referenzen\/","title":{"rendered":"References"},"content":{"rendered":"<div data-elementor-type=\"wp-page\" data-elementor-id=\"6438\" class=\"elementor elementor-6438\" data-elementor-post-type=\"page\">\n\t\t\t\t\t\t\t\t\t<section class=\"elementor-section elementor-top-section elementor-element elementor-element-325f11a2 elementor-section-boxed elementor-section-height-default elementor-section-height-default\" data-id=\"325f11a2\" data-element_type=\"section\" data-settings=\"{&quot;background_background&quot;:&quot;classic&quot;,&quot;ekit_has_onepagescroll_dot&quot;:&quot;yes&quot;}\">\n\t\t\t\t\t\t\t<div class=\"elementor-background-overlay\"><\/div>\n\t\t\t\t\t\t\t<div class=\"elementor-container elementor-column-gap-default\">\n\t\t\t\t\t<div class=\"elementor-column elementor-col-100 elementor-top-column elementor-element elementor-element-2c42b8ac\" data-id=\"2c42b8ac\" data-element_type=\"column\">\n\t\t\t<div class=\"elementor-widget-wrap elementor-element-populated\">\n\t\t\t\t\t\t\t\t<div class=\"elementor-element elementor-element-471cd175 elementor-widget elementor-widget-heading\" data-id=\"471cd175\" data-element_type=\"widget\" data-settings=\"{&quot;ekit_we_effect_on&quot;:&quot;none&quot;}\" data-widget_type=\"heading.default\">\n\t\t\t\t<div class=\"elementor-widget-container\">\n\t\t\t<style>\/*! elementor - v3.18.0 - 06-12-2023 *\/\n.elementor-heading-title{padding:0;margin:0;line-height:1}.elementor-widget-heading .elementor-heading-title[class*=elementor-size-]>a{color:inherit;font-size:inherit;line-height:inherit}.elementor-widget-heading .elementor-heading-title.elementor-size-small{font-size:15px}.elementor-widget-heading .elementor-heading-title.elementor-size-medium{font-size:19px}.elementor-widget-heading .elementor-heading-title.elementor-size-large{font-size:29px}.elementor-widget-heading .elementor-heading-title.elementor-size-xl{font-size:39px}.elementor-widget-heading .elementor-heading-title.elementor-size-xxl{font-size:59px}<\/style><h1 class=\"elementor-heading-title elementor-size-default\">References<\/h1>\t\t<\/div>\n\t\t\t\t<\/div>\n\t\t\t\t\t<\/div>\n\t\t<\/div>\n\t\t\t\t\t\t\t<\/div>\n\t\t<\/section>\n\t\t\t\t<section class=\"elementor-section elementor-top-section elementor-element elementor-element-fe95309 elementor-section-content-middle elementor-section-boxed elementor-section-height-default elementor-section-height-default\" data-id=\"fe95309\" data-element_type=\"section\" data-settings=\"{&quot;ekit_has_onepagescroll_dot&quot;:&quot;yes&quot;}\">\n\t\t\t\t\t\t<div class=\"elementor-container elementor-column-gap-default\">\n\t\t\t\t\t<div class=\"elementor-column elementor-col-100 elementor-top-column elementor-element elementor-element-e9963e7\" data-id=\"e9963e7\" data-element_type=\"column\">\n\t\t\t<div class=\"elementor-widget-wrap elementor-element-populated\">\n\t\t\t\t\t\t\t\t<div class=\"elementor-element elementor-element-bd25295 elementor-widget elementor-widget-heading\" data-id=\"bd25295\" data-element_type=\"widget\" data-settings=\"{&quot;ekit_we_effect_on&quot;:&quot;none&quot;}\" data-widget_type=\"heading.default\">\n\t\t\t\t<div class=\"elementor-widget-container\">\n\t\t\t<h3 class=\"elementor-heading-title elementor-size-default\">Our references &amp; partners<\/h3>\t\t<\/div>\n\t\t\t\t<\/div>\n\t\t\t\t<div class=\"elementor-element elementor-element-836ae1a elementor-widget elementor-widget-text-editor\" data-id=\"836ae1a\" data-element_type=\"widget\" data-settings=\"{&quot;ekit_we_effect_on&quot;:&quot;none&quot;}\" data-widget_type=\"text-editor.default\">\n\t\t\t\t<div class=\"elementor-widget-container\">\n\t\t\t<style>\/*! elementor - v3.18.0 - 06-12-2023 *\/\n.elementor-widget-text-editor.elementor-drop-cap-view-stacked .elementor-drop-cap{background-color:#69727d;color:#fff}.elementor-widget-text-editor.elementor-drop-cap-view-framed .elementor-drop-cap{color:#69727d;border:3px solid;background-color:transparent}.elementor-widget-text-editor:not(.elementor-drop-cap-view-default) .elementor-drop-cap{margin-top:8px}.elementor-widget-text-editor:not(.elementor-drop-cap-view-default) .elementor-drop-cap-letter{width:1em;height:1em}.elementor-widget-text-editor .elementor-drop-cap{float:left;text-align:center;line-height:1;font-size:50px}.elementor-widget-text-editor .elementor-drop-cap-letter{display:inline-block}<\/style>\t\t\t\t<p>SEAMO works successfully with leading companies from various industries. Our expertise spans the aviation, automotive, energy and industrial sectors. Together with our partners, we realize innovative projects and deliver tailor-made solutions for demanding technical challenges.<\/p><p>Our customers value our expertise, our reliability and our high quality standards. Whether in development, consulting or technical implementation - we stand for partnership-based cooperation and sustainable success.<\/p>\t\t\t\t\t\t<\/div>\n\t\t\t\t<\/div>\n\t\t\t\t\t<\/div>\n\t\t<\/div>\n\t\t\t\t\t\t\t<\/div>\n\t\t<\/section>\n\t\t\t\t<section class=\"elementor-section elementor-top-section elementor-element elementor-element-c23b06f elementor-section-content-middle elementor-section-boxed elementor-section-height-default elementor-section-height-default\" data-id=\"c23b06f\" data-element_type=\"section\" data-settings=\"{&quot;ekit_has_onepagescroll_dot&quot;:&quot;yes&quot;}\">\n\t\t\t\t\t\t<div class=\"elementor-container elementor-column-gap-default\">\n\t\t\t\t\t<div class=\"elementor-column elementor-col-100 elementor-top-column elementor-element elementor-element-b45aeac\" data-id=\"b45aeac\" data-element_type=\"column\">\n\t\t\t<div class=\"elementor-widget-wrap elementor-element-populated\">\n\t\t\t\t\t\t\t\t<section class=\"elementor-section elementor-inner-section elementor-element elementor-element-1df6671 elementor-section-boxed elementor-section-height-default elementor-section-height-default\" data-id=\"1df6671\" data-element_type=\"section\" data-settings=\"{&quot;ekit_has_onepagescroll_dot&quot;:&quot;yes&quot;}\">\n\t\t\t\t\t\t<div class=\"elementor-container elementor-column-gap-default\">\n\t\t\t\t\t<div class=\"elementor-column elementor-col-25 elementor-inner-column elementor-element elementor-element-b435031\" data-id=\"b435031\" data-element_type=\"column\">\n\t\t\t<div class=\"elementor-widget-wrap elementor-element-populated\">\n\t\t\t\t\t\t\t\t<div class=\"elementor-element elementor-element-f5fedeb elementor-widget elementor-widget-image\" data-id=\"f5fedeb\" data-element_type=\"widget\" data-settings=\"{&quot;ekit_we_effect_on&quot;:&quot;none&quot;}\" data-widget_type=\"image.default\">\n\t\t\t\t<div class=\"elementor-widget-container\">\n\t\t\t<style>\/*! elementor - v3.18.0 - 06-12-2023 *\/\n.elementor-widget-image{text-align:center}.elementor-widget-image a{display:inline-block}.elementor-widget-image a img[src$=\".svg\"]{width:48px}.elementor-widget-image img{vertical-align:middle;display:inline-block}<\/style>\t\t\t\t\t\t\t\t\t\t\t\t<img fetchpriority=\"high\" decoding=\"async\" width=\"1280\" height=\"226\" src=\"https:\/\/seamo.de\/wp-content\/uploads\/2025\/04\/1_Lufthansa.png\" class=\"attachment-full size-full wp-image-6424\" alt=\"\" srcset=\"https:\/\/seamo.de\/wp-content\/uploads\/2025\/04\/1_Lufthansa.png 1280w, https:\/\/seamo.de\/wp-content\/uploads\/2025\/04\/1_Lufthansa-300x53.png 300w, https:\/\/seamo.de\/wp-content\/uploads\/2025\/04\/1_Lufthansa-1024x181.png 1024w, https:\/\/seamo.de\/wp-content\/uploads\/2025\/04\/1_Lufthansa-768x136.png 768w, https:\/\/seamo.de\/wp-content\/uploads\/2025\/04\/1_Lufthansa-18x3.png 18w\" sizes=\"(max-width: 1280px) 100vw, 1280px\" \/>\t\t\t\t\t\t\t\t\t\t\t\t\t\t\t<\/div>\n\t\t\t\t<\/div>\n\t\t\t\t\t<\/div>\n\t\t<\/div>\n\t\t\t\t<div class=\"elementor-column elementor-col-25 elementor-inner-column elementor-element elementor-element-6e407a5\" data-id=\"6e407a5\" data-element_type=\"column\">\n\t\t\t<div class=\"elementor-widget-wrap elementor-element-populated\">\n\t\t\t\t\t\t\t\t<div class=\"elementor-element elementor-element-75b987d elementor-widget elementor-widget-image\" data-id=\"75b987d\" data-element_type=\"widget\" data-settings=\"{&quot;ekit_we_effect_on&quot;:&quot;none&quot;}\" data-widget_type=\"image.default\">\n\t\t\t\t<div class=\"elementor-widget-container\">\n\t\t\t\t\t\t\t\t\t\t\t\t\t\t\t<img decoding=\"async\" width=\"1200\" height=\"516\" src=\"https:\/\/seamo.de\/wp-content\/uploads\/2025\/04\/2_Fraport_logo_2016.svg.png\" class=\"attachment-full size-full wp-image-6428\" alt=\"\" srcset=\"https:\/\/seamo.de\/wp-content\/uploads\/2025\/04\/2_Fraport_logo_2016.svg.png 1200w, https:\/\/seamo.de\/wp-content\/uploads\/2025\/04\/2_Fraport_logo_2016.svg-300x129.png 300w, https:\/\/seamo.de\/wp-content\/uploads\/2025\/04\/2_Fraport_logo_2016.svg-1024x440.png 1024w, https:\/\/seamo.de\/wp-content\/uploads\/2025\/04\/2_Fraport_logo_2016.svg-768x330.png 768w, https:\/\/seamo.de\/wp-content\/uploads\/2025\/04\/2_Fraport_logo_2016.svg-18x8.png 18w\" sizes=\"(max-width: 1200px) 100vw, 1200px\" \/>\t\t\t\t\t\t\t\t\t\t\t\t\t\t\t<\/div>\n\t\t\t\t<\/div>\n\t\t\t\t\t<\/div>\n\t\t<\/div>\n\t\t\t\t<div class=\"elementor-column elementor-col-25 elementor-inner-column elementor-element elementor-element-e86cb1e\" data-id=\"e86cb1e\" data-element_type=\"column\">\n\t\t\t<div class=\"elementor-widget-wrap elementor-element-populated\">\n\t\t\t\t\t\t\t\t<div class=\"elementor-element elementor-element-3b177b4 elementor-widget elementor-widget-image\" data-id=\"3b177b4\" data-element_type=\"widget\" data-settings=\"{&quot;ekit_we_effect_on&quot;:&quot;none&quot;}\" data-widget_type=\"image.default\">\n\t\t\t\t<div class=\"elementor-widget-container\">\n\t\t\t\t\t\t\t\t\t\t\t\t\t\t\t<img decoding=\"async\" width=\"1600\" height=\"700\" src=\"https:\/\/seamo.de\/wp-content\/uploads\/2025\/04\/3.-Bilfinger_2012.png\" class=\"attachment-full size-full wp-image-6425\" alt=\"\" srcset=\"https:\/\/seamo.de\/wp-content\/uploads\/2025\/04\/3.-Bilfinger_2012.png 1600w, https:\/\/seamo.de\/wp-content\/uploads\/2025\/04\/3.-Bilfinger_2012-300x131.png 300w, https:\/\/seamo.de\/wp-content\/uploads\/2025\/04\/3.-Bilfinger_2012-1024x448.png 1024w, https:\/\/seamo.de\/wp-content\/uploads\/2025\/04\/3.-Bilfinger_2012-768x336.png 768w, https:\/\/seamo.de\/wp-content\/uploads\/2025\/04\/3.-Bilfinger_2012-1536x672.png 1536w, https:\/\/seamo.de\/wp-content\/uploads\/2025\/04\/3.-Bilfinger_2012-18x8.png 18w\" sizes=\"(max-width: 1600px) 100vw, 1600px\" \/>\t\t\t\t\t\t\t\t\t\t\t\t\t\t\t<\/div>\n\t\t\t\t<\/div>\n\t\t\t\t\t<\/div>\n\t\t<\/div>\n\t\t\t\t<div class=\"elementor-column elementor-col-25 elementor-inner-column elementor-element elementor-element-cdf5483\" data-id=\"cdf5483\" data-element_type=\"column\">\n\t\t\t<div class=\"elementor-widget-wrap elementor-element-populated\">\n\t\t\t\t\t\t\t\t<div class=\"elementor-element elementor-element-7510850 elementor-widget elementor-widget-image\" data-id=\"7510850\" data-element_type=\"widget\" data-settings=\"{&quot;ekit_we_effect_on&quot;:&quot;none&quot;}\" data-widget_type=\"image.default\">\n\t\t\t\t<div class=\"elementor-widget-container\">\n\t\t\t\t\t\t\t\t\t\t\t\t\t\t\t<img loading=\"lazy\" decoding=\"async\" width=\"2560\" height=\"741\" src=\"https:\/\/seamo.de\/wp-content\/uploads\/2025\/04\/4-Eurowings_Logo.svg.png\" class=\"attachment-full size-full wp-image-6426\" alt=\"\" srcset=\"https:\/\/seamo.de\/wp-content\/uploads\/2025\/04\/4-Eurowings_Logo.svg.png 2560w, https:\/\/seamo.de\/wp-content\/uploads\/2025\/04\/4-Eurowings_Logo.svg-300x87.png 300w, https:\/\/seamo.de\/wp-content\/uploads\/2025\/04\/4-Eurowings_Logo.svg-1024x296.png 1024w, https:\/\/seamo.de\/wp-content\/uploads\/2025\/04\/4-Eurowings_Logo.svg-768x222.png 768w, https:\/\/seamo.de\/wp-content\/uploads\/2025\/04\/4-Eurowings_Logo.svg-1536x445.png 1536w, https:\/\/seamo.de\/wp-content\/uploads\/2025\/04\/4-Eurowings_Logo.svg-2048x593.png 2048w, https:\/\/seamo.de\/wp-content\/uploads\/2025\/04\/4-Eurowings_Logo.svg-18x5.png 18w, https:\/\/seamo.de\/wp-content\/uploads\/2025\/04\/4-Eurowings_Logo.svg-350x100.png 350w\" sizes=\"(max-width: 2560px) 100vw, 2560px\" \/>\t\t\t\t\t\t\t\t\t\t\t\t\t\t\t<\/div>\n\t\t\t\t<\/div>\n\t\t\t\t\t<\/div>\n\t\t<\/div>\n\t\t\t\t\t\t\t<\/div>\n\t\t<\/section>\n\t\t\t\t<section class=\"elementor-section elementor-inner-section elementor-element elementor-element-e47872b elementor-section-boxed elementor-section-height-default elementor-section-height-default\" data-id=\"e47872b\" data-element_type=\"section\" data-settings=\"{&quot;ekit_has_onepagescroll_dot&quot;:&quot;yes&quot;}\">\n\t\t\t\t\t\t<div class=\"elementor-container elementor-column-gap-default\">\n\t\t\t\t\t<div class=\"elementor-column elementor-col-25 elementor-inner-column elementor-element elementor-element-3c7ad35\" data-id=\"3c7ad35\" data-element_type=\"column\">\n\t\t\t<div class=\"elementor-widget-wrap elementor-element-populated\">\n\t\t\t\t\t\t\t\t<div class=\"elementor-element elementor-element-7502a35 elementor-widget elementor-widget-image\" data-id=\"7502a35\" data-element_type=\"widget\" data-settings=\"{&quot;ekit_we_effect_on&quot;:&quot;none&quot;}\" data-widget_type=\"image.default\">\n\t\t\t\t<div class=\"elementor-widget-container\">\n\t\t\t\t\t\t\t\t\t\t\t\t\t\t\t<img loading=\"lazy\" decoding=\"async\" width=\"799\" height=\"230\" src=\"https:\/\/seamo.de\/wp-content\/uploads\/2025\/04\/5.-Witron.png\" class=\"attachment-full size-full wp-image-6427\" alt=\"\" srcset=\"https:\/\/seamo.de\/wp-content\/uploads\/2025\/04\/5.-Witron.png 799w, https:\/\/seamo.de\/wp-content\/uploads\/2025\/04\/5.-Witron-300x86.png 300w, https:\/\/seamo.de\/wp-content\/uploads\/2025\/04\/5.-Witron-768x221.png 768w, https:\/\/seamo.de\/wp-content\/uploads\/2025\/04\/5.-Witron-18x5.png 18w, https:\/\/seamo.de\/wp-content\/uploads\/2025\/04\/5.-Witron-350x100.png 350w\" sizes=\"(max-width: 799px) 100vw, 799px\" \/>\t\t\t\t\t\t\t\t\t\t\t\t\t\t\t<\/div>\n\t\t\t\t<\/div>\n\t\t\t\t\t<\/div>\n\t\t<\/div>\n\t\t\t\t<div class=\"elementor-column elementor-col-25 elementor-inner-column elementor-element elementor-element-6aceea4\" data-id=\"6aceea4\" data-element_type=\"column\">\n\t\t\t<div class=\"elementor-widget-wrap elementor-element-populated\">\n\t\t\t\t\t\t\t\t<div class=\"elementor-element elementor-element-dc4b738 elementor-widget elementor-widget-image\" data-id=\"dc4b738\" data-element_type=\"widget\" data-settings=\"{&quot;ekit_we_effect_on&quot;:&quot;none&quot;}\" data-widget_type=\"image.default\">\n\t\t\t\t<div class=\"elementor-widget-container\">\n\t\t\t\t\t\t\t\t\t\t\t\t\t\t\t<img loading=\"lazy\" decoding=\"async\" width=\"4799\" height=\"2002\" src=\"https:\/\/seamo.de\/wp-content\/uploads\/2025\/04\/6.-SEG.png\" class=\"attachment-full size-full wp-image-6421\" alt=\"\" srcset=\"https:\/\/seamo.de\/wp-content\/uploads\/2025\/04\/6.-SEG.png 4799w, https:\/\/seamo.de\/wp-content\/uploads\/2025\/04\/6.-SEG-300x125.png 300w, https:\/\/seamo.de\/wp-content\/uploads\/2025\/04\/6.-SEG-1024x427.png 1024w, https:\/\/seamo.de\/wp-content\/uploads\/2025\/04\/6.-SEG-768x320.png 768w, https:\/\/seamo.de\/wp-content\/uploads\/2025\/04\/6.-SEG-1536x641.png 1536w, https:\/\/seamo.de\/wp-content\/uploads\/2025\/04\/6.-SEG-2048x854.png 2048w, https:\/\/seamo.de\/wp-content\/uploads\/2025\/04\/6.-SEG-18x8.png 18w\" sizes=\"(max-width: 4799px) 100vw, 4799px\" \/>\t\t\t\t\t\t\t\t\t\t\t\t\t\t\t<\/div>\n\t\t\t\t<\/div>\n\t\t\t\t\t<\/div>\n\t\t<\/div>\n\t\t\t\t<div class=\"elementor-column elementor-col-25 elementor-inner-column elementor-element elementor-element-a6470a2\" data-id=\"a6470a2\" data-element_type=\"column\">\n\t\t\t<div class=\"elementor-widget-wrap elementor-element-populated\">\n\t\t\t\t\t\t\t\t<div class=\"elementor-element elementor-element-42f4ba7 elementor-widget elementor-widget-image\" data-id=\"42f4ba7\" data-element_type=\"widget\" data-settings=\"{&quot;ekit_we_effect_on&quot;:&quot;none&quot;}\" data-widget_type=\"image.default\">\n\t\t\t\t<div class=\"elementor-widget-container\">\n\t\t\t\t\t\t\t\t\t\t\t\t\t\t\t<img loading=\"lazy\" decoding=\"async\" width=\"2560\" height=\"602\" src=\"https:\/\/seamo.de\/wp-content\/uploads\/2025\/04\/7-Magna_logo.svg.png\" class=\"attachment-full size-full wp-image-6422\" alt=\"\" srcset=\"https:\/\/seamo.de\/wp-content\/uploads\/2025\/04\/7-Magna_logo.svg.png 2560w, https:\/\/seamo.de\/wp-content\/uploads\/2025\/04\/7-Magna_logo.svg-300x71.png 300w, https:\/\/seamo.de\/wp-content\/uploads\/2025\/04\/7-Magna_logo.svg-1024x241.png 1024w, https:\/\/seamo.de\/wp-content\/uploads\/2025\/04\/7-Magna_logo.svg-768x181.png 768w, https:\/\/seamo.de\/wp-content\/uploads\/2025\/04\/7-Magna_logo.svg-1536x361.png 1536w, https:\/\/seamo.de\/wp-content\/uploads\/2025\/04\/7-Magna_logo.svg-2048x482.png 2048w, https:\/\/seamo.de\/wp-content\/uploads\/2025\/04\/7-Magna_logo.svg-18x4.png 18w\" sizes=\"(max-width: 2560px) 100vw, 2560px\" \/>\t\t\t\t\t\t\t\t\t\t\t\t\t\t\t<\/div>\n\t\t\t\t<\/div>\n\t\t\t\t\t<\/div>\n\t\t<\/div>\n\t\t\t\t<div class=\"elementor-column elementor-col-25 elementor-inner-column elementor-element elementor-element-5c5f657\" data-id=\"5c5f657\" data-element_type=\"column\">\n\t\t\t<div class=\"elementor-widget-wrap elementor-element-populated\">\n\t\t\t\t\t\t\t\t<div class=\"elementor-element elementor-element-fa28f5c elementor-widget elementor-widget-image\" data-id=\"fa28f5c\" data-element_type=\"widget\" data-settings=\"{&quot;ekit_we_effect_on&quot;:&quot;none&quot;}\" data-widget_type=\"image.default\">\n\t\t\t\t<div class=\"elementor-widget-container\">\n\t\t\t\t\t\t\t\t\t\t\t\t\t\t\t<img loading=\"lazy\" decoding=\"async\" width=\"300\" height=\"145\" src=\"https:\/\/seamo.de\/wp-content\/uploads\/2025\/04\/8_Balke.png\" class=\"attachment-full size-full wp-image-6423\" alt=\"\" srcset=\"https:\/\/seamo.de\/wp-content\/uploads\/2025\/04\/8_Balke.png 300w, https:\/\/seamo.de\/wp-content\/uploads\/2025\/04\/8_Balke-18x9.png 18w\" sizes=\"(max-width: 300px) 100vw, 300px\" \/>\t\t\t\t\t\t\t\t\t\t\t\t\t\t\t<\/div>\n\t\t\t\t<\/div>\n\t\t\t\t\t<\/div>\n\t\t<\/div>\n\t\t\t\t\t\t\t<\/div>\n\t\t<\/section>\n\t\t\t\t\t<\/div>\n\t\t<\/div>\n\t\t\t\t\t\t\t<\/div>\n\t\t<\/section>\n\t\t\t\t\t\t\t<\/div>","protected":false},"excerpt":{"rendered":"<p>References Our references &amp; partners SEAMO works successfully with leading companies from various industries. Our expertise extends across the aviation, automotive, energy and industrial sectors. Together with our partners, we realize innovative projects and deliver tailor-made solutions for demanding technical challenges. Our customers value our expertise, our reliability and our high quality standards. Whether in [...]<\/p>","protected":false},"author":1,"featured_media":0,"parent":0,"menu_order":0,"comment_status":"closed","ping_status":"closed","template":"elementor_header_footer","meta":{"inline_featured_image":false,"footnotes":""},"yoast_head":"<!-- This site is optimized with the Yoast SEO plugin v21.7 - https:\/\/yoast.com\/wordpress\/plugins\/seo\/ -->\n<title>Referenzen | SEAMO<\/title>\n<meta name=\"robots\" content=\"index, follow, max-snippet:-1, max-image-preview:large, max-video-preview:-1\" \/>\n<link rel=\"canonical\" href=\"https:\/\/seamo.de\/en\/referenzen\/\" \/>\n<meta property=\"og:locale\" content=\"en_US\" \/>\n<meta property=\"og:type\" content=\"article\" \/>\n<meta property=\"og:title\" content=\"Referenzen | SEAMO\" \/>\n<meta property=\"og:description\" content=\"Referenzen Unsere Referenzen &#038; Partner SEAMO arbeitet erfolgreich mit f\u00fchrenden Unternehmen aus verschiedenen Branchen zusammen. Unsere Expertise erstreckt sich \u00fcber die Luftfahrt, Automobilindustrie, Energie- und Industriebereiche. Gemeinsam mit unseren Partnern realisieren wir innovative Projekte und liefern ma\u00dfgeschneiderte L\u00f6sungen f\u00fcr anspruchsvolle technische Herausforderungen. Unsere Kunden sch\u00e4tzen unsere Fachkompetenz, unsere Zuverl\u00e4ssigkeit und unseren hohen Qualit\u00e4tsanspruch. Ob in [&hellip;]\" \/>\n<meta property=\"og:url\" content=\"https:\/\/seamo.de\/en\/referenzen\/\" \/>\n<meta property=\"og:site_name\" content=\"SEAMO\" \/>\n<meta property=\"article:modified_time\" content=\"2025-04-07T11:12:39+00:00\" \/>\n<meta property=\"og:image\" content=\"https:\/\/seamo.de\/wp-content\/uploads\/2025\/04\/1_Lufthansa.png\" \/>\n<meta name=\"twitter:card\" content=\"summary_large_image\" \/>\n<meta name=\"twitter:label1\" content=\"Est. reading time\" \/>\n\t<meta name=\"twitter:data1\" content=\"2 minutes\" \/>\n<script type=\"application\/ld+json\" class=\"yoast-schema-graph\">{\"@context\":\"https:\/\/schema.org\",\"@graph\":[{\"@type\":\"WebPage\",\"@id\":\"https:\/\/seamo.de\/referenzen\/\",\"url\":\"https:\/\/seamo.de\/referenzen\/\",\"name\":\"Referenzen | SEAMO\",\"isPartOf\":{\"@id\":\"https:\/\/seamo.de\/#website\"},\"datePublished\":\"2025-04-04T12:15:22+00:00\",\"dateModified\":\"2025-04-07T11:12:39+00:00\",\"breadcrumb\":{\"@id\":\"https:\/\/seamo.de\/referenzen\/#breadcrumb\"},\"inLanguage\":\"en-US\",\"potentialAction\":[{\"@type\":\"ReadAction\",\"target\":[\"https:\/\/seamo.de\/referenzen\/\"]}]},{\"@type\":\"BreadcrumbList\",\"@id\":\"https:\/\/seamo.de\/referenzen\/#breadcrumb\",\"itemListElement\":[{\"@type\":\"ListItem\",\"position\":1,\"name\":\"Home\",\"item\":\"https:\/\/seamo.de\/\"},{\"@type\":\"ListItem\",\"position\":2,\"name\":\"Referenzen\"}]},{\"@type\":\"WebSite\",\"@id\":\"https:\/\/seamo.de\/#website\",\"url\":\"https:\/\/seamo.de\/\",\"name\":\"SEAMO\",\"description\":\"Safe, Electrified &amp; Autonomous Mobility\",\"potentialAction\":[{\"@type\":\"SearchAction\",\"target\":{\"@type\":\"EntryPoint\",\"urlTemplate\":\"https:\/\/seamo.de\/?s={search_term_string}\"},\"query-input\":\"required name=search_term_string\"}],\"inLanguage\":\"en-US\"}]}<\/script>\n<!-- \/ Yoast SEO plugin. -->","yoast_head_json":{"title":"Referenzen | SEAMO","robots":{"index":"index","follow":"follow","max-snippet":"max-snippet:-1","max-image-preview":"max-image-preview:large","max-video-preview":"max-video-preview:-1"},"canonical":"https:\/\/seamo.de\/en\/referenzen\/","og_locale":"en_US","og_type":"article","og_title":"Referenzen | SEAMO","og_description":"Referenzen Unsere Referenzen &#038; Partner SEAMO arbeitet erfolgreich mit f\u00fchrenden Unternehmen aus verschiedenen Branchen zusammen. Unsere Expertise erstreckt sich \u00fcber die Luftfahrt, Automobilindustrie, Energie- und Industriebereiche. Gemeinsam mit unseren Partnern realisieren wir innovative Projekte und liefern ma\u00dfgeschneiderte L\u00f6sungen f\u00fcr anspruchsvolle technische Herausforderungen. Unsere Kunden sch\u00e4tzen unsere Fachkompetenz, unsere Zuverl\u00e4ssigkeit und unseren hohen Qualit\u00e4tsanspruch. Ob in [&hellip;]","og_url":"https:\/\/seamo.de\/en\/referenzen\/","og_site_name":"SEAMO","article_modified_time":"2025-04-07T11:12:39+00:00","og_image":[{"url":"https:\/\/seamo.de\/wp-content\/uploads\/2025\/04\/1_Lufthansa.png"}],"twitter_card":"summary_large_image","twitter_misc":{"Est. reading time":"2 minutes"},"schema":{"@context":"https:\/\/schema.org","@graph":[{"@type":"WebPage","@id":"https:\/\/seamo.de\/referenzen\/","url":"https:\/\/seamo.de\/referenzen\/","name":"Referenzen | SEAMO","isPartOf":{"@id":"https:\/\/seamo.de\/#website"},"datePublished":"2025-04-04T12:15:22+00:00","dateModified":"2025-04-07T11:12:39+00:00","breadcrumb":{"@id":"https:\/\/seamo.de\/referenzen\/#breadcrumb"},"inLanguage":"en-US","potentialAction":[{"@type":"ReadAction","target":["https:\/\/seamo.de\/referenzen\/"]}]},{"@type":"BreadcrumbList","@id":"https:\/\/seamo.de\/referenzen\/#breadcrumb","itemListElement":[{"@type":"ListItem","position":1,"name":"Home","item":"https:\/\/seamo.de\/"},{"@type":"ListItem","position":2,"name":"Referenzen"}]},{"@type":"WebSite","@id":"https:\/\/seamo.de\/#website","url":"https:\/\/seamo.de\/","name":"SEAMO","description":"Safe, Electrified &amp; Autonomous Mobility","potentialAction":[{"@type":"SearchAction","target":{"@type":"EntryPoint","urlTemplate":"https:\/\/seamo.de\/?s={search_term_string}"},"query-input":"required name=search_term_string"}],"inLanguage":"en-US"}]}},"_links":{"self":[{"href":"https:\/\/seamo.de\/en\/wp-json\/wp\/v2\/pages\/6438"}],"collection":[{"href":"https:\/\/seamo.de\/en\/wp-json\/wp\/v2\/pages"}],"about":[{"href":"https:\/\/seamo.de\/en\/wp-json\/wp\/v2\/types\/page"}],"author":[{"embeddable":true,"href":"https:\/\/seamo.de\/en\/wp-json\/wp\/v2\/users\/1"}],"replies":[{"embeddable":true,"href":"https:\/\/seamo.de\/en\/wp-json\/wp\/v2\/comments?post=6438"}],"version-history":[{"count":17,"href":"https:\/\/seamo.de\/en\/wp-json\/wp\/v2\/pages\/6438\/revisions"}],"predecessor-version":[{"id":6468,"href":"https:\/\/seamo.de\/en\/wp-json\/wp\/v2\/pages\/6438\/revisions\/6468"}],"wp:attachment":[{"href":"https:\/\/seamo.de\/en\/wp-json\/wp\/v2\/media?parent=6438"}],"curies":[{"name":"wp","href":"https:\/\/api.w.org\/{rel}","templated":true}]}}