{"id":6818,"date":"2026-02-23T17:54:20","date_gmt":"2026-02-23T17:54:20","guid":{"rendered":"https:\/\/seamo.de\/?page_id=6818"},"modified":"2026-02-27T02:48:45","modified_gmt":"2026-02-27T02:48:45","slug":"sponsoring","status":"publish","type":"page","link":"https:\/\/seamo.de\/en\/sponsoring\/","title":{"rendered":"Sponsoring"},"content":{"rendered":"<div data-elementor-type=\"wp-page\" data-elementor-id=\"6818\" class=\"elementor elementor-6818\" data-elementor-post-type=\"page\">\n\t\t\t\t\t\t\t\t\t<section class=\"elementor-section elementor-top-section elementor-element elementor-element-fe95309 elementor-section-content-middle elementor-section-boxed elementor-section-height-default elementor-section-height-default\" data-id=\"fe95309\" data-element_type=\"section\" data-settings=\"{&quot;ekit_has_onepagescroll_dot&quot;:&quot;yes&quot;}\">\n\t\t\t\t\t\t<div class=\"elementor-container elementor-column-gap-default\">\n\t\t\t\t\t<div class=\"elementor-column elementor-col-100 elementor-top-column elementor-element elementor-element-e9963e7\" data-id=\"e9963e7\" data-element_type=\"column\">\n\t\t\t<div class=\"elementor-widget-wrap elementor-element-populated\">\n\t\t\t\t\t\t\t\t<div class=\"elementor-element elementor-element-bd25295 elementor-widget elementor-widget-heading\" data-id=\"bd25295\" data-element_type=\"widget\" data-settings=\"{&quot;ekit_we_effect_on&quot;:&quot;none&quot;}\" data-widget_type=\"heading.default\">\n\t\t\t\t<div class=\"elementor-widget-container\">\n\t\t\t<style>\/*! elementor - v3.18.0 - 06-12-2023 *\/\n.elementor-heading-title{padding:0;margin:0;line-height:1}.elementor-widget-heading .elementor-heading-title[class*=elementor-size-]>a{color:inherit;font-size:inherit;line-height:inherit}.elementor-widget-heading .elementor-heading-title.elementor-size-small{font-size:15px}.elementor-widget-heading .elementor-heading-title.elementor-size-medium{font-size:19px}.elementor-widget-heading .elementor-heading-title.elementor-size-large{font-size:29px}.elementor-widget-heading .elementor-heading-title.elementor-size-xl{font-size:39px}.elementor-widget-heading .elementor-heading-title.elementor-size-xxl{font-size:59px}<\/style><h3 class=\"elementor-heading-title elementor-size-default\">Sponsoring<\/h3>\t\t<\/div>\n\t\t\t\t<\/div>\n\t\t\t\t<div class=\"elementor-element elementor-element-836ae1a elementor-widget elementor-widget-text-editor\" data-id=\"836ae1a\" data-element_type=\"widget\" data-settings=\"{&quot;ekit_we_effect_on&quot;:&quot;none&quot;}\" data-widget_type=\"text-editor.default\">\n\t\t\t\t<div class=\"elementor-widget-container\">\n\t\t\t<style>\/*! elementor - v3.18.0 - 06-12-2023 *\/\n.elementor-widget-text-editor.elementor-drop-cap-view-stacked .elementor-drop-cap{background-color:#69727d;color:#fff}.elementor-widget-text-editor.elementor-drop-cap-view-framed .elementor-drop-cap{color:#69727d;border:3px solid;background-color:transparent}.elementor-widget-text-editor:not(.elementor-drop-cap-view-default) .elementor-drop-cap{margin-top:8px}.elementor-widget-text-editor:not(.elementor-drop-cap-view-default) .elementor-drop-cap-letter{width:1em;height:1em}.elementor-widget-text-editor .elementor-drop-cap{float:left;text-align:center;line-height:1;font-size:50px}.elementor-widget-text-editor .elementor-drop-cap-letter{display:inline-block}<\/style>\t\t\t\t<p><strong>L\u00f6wen Frankfurt &#8211; L\u00f6wen Club 91<\/strong><\/p><p>Als stolzer Partner und F\u00f6rderer des L\u00f6wen Club 91 der L\u00f6wen Frankfurt zeigen wir unsere Verbundenheit zur Region und zur Leidenschaft des hessischen Eishockeysports.<\/p><p>Als regional verbundenes Unternehmen f\u00f6rdern wir damit den Profisport in Frankfurt und sind Teil eines starken Netzwerks engagierter Partner. Die L\u00f6wen Frankfurt stehen f\u00fcr Teamgeist, Leistungsbereitschaft und Leidenschaft \u2013 Werte, die auch unser t\u00e4gliches Handeln pr\u00e4gen.<\/p>\t\t\t\t\t\t<\/div>\n\t\t\t\t<\/div>\n\t\t\t\t<div class=\"elementor-element elementor-element-c1ce9f6 elementor-widget__width-inherit elementor-widget elementor-widget-image\" data-id=\"c1ce9f6\" data-element_type=\"widget\" data-settings=\"{&quot;ekit_we_effect_on&quot;:&quot;none&quot;}\" data-widget_type=\"image.default\">\n\t\t\t\t<div class=\"elementor-widget-container\">\n\t\t\t<style>\/*! elementor - v3.18.0 - 06-12-2023 *\/\n.elementor-widget-image{text-align:center}.elementor-widget-image a{display:inline-block}.elementor-widget-image a img[src$=\".svg\"]{width:48px}.elementor-widget-image img{vertical-align:middle;display:inline-block}<\/style>\t\t\t\t\t\t\t\t\t\t\t\t\t<a href=\"https:\/\/www.loewen-frankfurt.de\/\" target=\"_blank\">\n\t\t\t\t\t\t\t<img fetchpriority=\"high\" decoding=\"async\" width=\"660\" height=\"806\" src=\"https:\/\/seamo.de\/wp-content\/uploads\/2026\/02\/logo-2-1_optimized-838x1024.png\" class=\"attachment-large size-large wp-image-6820\" alt=\"\" srcset=\"https:\/\/seamo.de\/wp-content\/uploads\/2026\/02\/logo-2-1_optimized-838x1024.png 838w, https:\/\/seamo.de\/wp-content\/uploads\/2026\/02\/logo-2-1_optimized-245x300.png 245w, https:\/\/seamo.de\/wp-content\/uploads\/2026\/02\/logo-2-1_optimized-768x939.png 768w, https:\/\/seamo.de\/wp-content\/uploads\/2026\/02\/logo-2-1_optimized-10x12.png 10w, https:\/\/seamo.de\/wp-content\/uploads\/2026\/02\/logo-2-1_optimized.png 1098w\" sizes=\"(max-width: 660px) 100vw, 660px\" \/>\t\t\t\t\t\t\t\t<\/a>\n\t\t\t\t\t\t\t\t\t\t\t\t\t\t\t<\/div>\n\t\t\t\t<\/div>\n\t\t\t\t\t<\/div>\n\t\t<\/div>\n\t\t\t\t\t\t\t<\/div>\n\t\t<\/section>\n\t\t\t\t\t\t\t<\/div>","protected":false},"excerpt":{"rendered":"<p>Sponsoring L\u00f6wen Frankfurt &#8211; L\u00f6wen Club 91 Als stolzer Partner und F\u00f6rderer des L\u00f6wen Club 91 der L\u00f6wen Frankfurt zeigen wir unsere Verbundenheit zur Region und zur Leidenschaft des hessischen Eishockeysports. Als regional verbundenes Unternehmen f\u00f6rdern wir damit den Profisport in Frankfurt und sind Teil eines starken Netzwerks engagierter Partner. Die L\u00f6wen Frankfurt stehen f\u00fcr [&hellip;]<\/p>","protected":false},"author":1,"featured_media":0,"parent":0,"menu_order":0,"comment_status":"closed","ping_status":"closed","template":"elementor_header_footer","meta":{"inline_featured_image":false,"footnotes":""},"yoast_head":"<!-- This site is optimized with the Yoast SEO plugin v21.7 - https:\/\/yoast.com\/wordpress\/plugins\/seo\/ -->\n<title>Sponsoring | SEAMO<\/title>\n<meta name=\"robots\" content=\"index, follow, max-snippet:-1, max-image-preview:large, max-video-preview:-1\" \/>\n<link rel=\"canonical\" href=\"https:\/\/seamo.de\/en\/sponsoring\/\" \/>\n<meta property=\"og:locale\" content=\"en_US\" \/>\n<meta property=\"og:type\" content=\"article\" \/>\n<meta property=\"og:title\" content=\"Sponsoring | SEAMO\" \/>\n<meta property=\"og:description\" content=\"Sponsoring L\u00f6wen Frankfurt &#8211; L\u00f6wen Club 91 Als stolzer Partner und F\u00f6rderer des L\u00f6wen Club 91 der L\u00f6wen Frankfurt zeigen wir unsere Verbundenheit zur Region und zur Leidenschaft des hessischen Eishockeysports. Als regional verbundenes Unternehmen f\u00f6rdern wir damit den Profisport in Frankfurt und sind Teil eines starken Netzwerks engagierter Partner. Die L\u00f6wen Frankfurt stehen f\u00fcr [&hellip;]\" \/>\n<meta property=\"og:url\" content=\"https:\/\/seamo.de\/en\/sponsoring\/\" \/>\n<meta property=\"og:site_name\" content=\"SEAMO\" \/>\n<meta property=\"article:modified_time\" content=\"2026-02-27T02:48:45+00:00\" \/>\n<meta property=\"og:image\" content=\"https:\/\/seamo.de\/wp-content\/uploads\/2026\/02\/logo-2-1_optimized-838x1024.png\" \/>\n<meta name=\"twitter:card\" content=\"summary_large_image\" \/>\n<meta name=\"twitter:label1\" content=\"Est. reading time\" \/>\n\t<meta name=\"twitter:data1\" content=\"1 minute\" \/>\n<script type=\"application\/ld+json\" class=\"yoast-schema-graph\">{\"@context\":\"https:\/\/schema.org\",\"@graph\":[{\"@type\":\"WebPage\",\"@id\":\"https:\/\/seamo.de\/sponsoring\/\",\"url\":\"https:\/\/seamo.de\/sponsoring\/\",\"name\":\"Sponsoring | SEAMO\",\"isPartOf\":{\"@id\":\"https:\/\/seamo.de\/#website\"},\"datePublished\":\"2026-02-23T17:54:20+00:00\",\"dateModified\":\"2026-02-27T02:48:45+00:00\",\"breadcrumb\":{\"@id\":\"https:\/\/seamo.de\/sponsoring\/#breadcrumb\"},\"inLanguage\":\"en-US\",\"potentialAction\":[{\"@type\":\"ReadAction\",\"target\":[\"https:\/\/seamo.de\/sponsoring\/\"]}]},{\"@type\":\"BreadcrumbList\",\"@id\":\"https:\/\/seamo.de\/sponsoring\/#breadcrumb\",\"itemListElement\":[{\"@type\":\"ListItem\",\"position\":1,\"name\":\"Home\",\"item\":\"https:\/\/seamo.de\/\"},{\"@type\":\"ListItem\",\"position\":2,\"name\":\"Sponsoring\"}]},{\"@type\":\"WebSite\",\"@id\":\"https:\/\/seamo.de\/#website\",\"url\":\"https:\/\/seamo.de\/\",\"name\":\"SEAMO\",\"description\":\"Safe, Electrified &amp; Autonomous Mobility\",\"potentialAction\":[{\"@type\":\"SearchAction\",\"target\":{\"@type\":\"EntryPoint\",\"urlTemplate\":\"https:\/\/seamo.de\/?s={search_term_string}\"},\"query-input\":\"required name=search_term_string\"}],\"inLanguage\":\"en-US\"}]}<\/script>\n<!-- \/ Yoast SEO plugin. -->","yoast_head_json":{"title":"Sponsoring | SEAMO","robots":{"index":"index","follow":"follow","max-snippet":"max-snippet:-1","max-image-preview":"max-image-preview:large","max-video-preview":"max-video-preview:-1"},"canonical":"https:\/\/seamo.de\/en\/sponsoring\/","og_locale":"en_US","og_type":"article","og_title":"Sponsoring | SEAMO","og_description":"Sponsoring L\u00f6wen Frankfurt &#8211; L\u00f6wen Club 91 Als stolzer Partner und F\u00f6rderer des L\u00f6wen Club 91 der L\u00f6wen Frankfurt zeigen wir unsere Verbundenheit zur Region und zur Leidenschaft des hessischen Eishockeysports. Als regional verbundenes Unternehmen f\u00f6rdern wir damit den Profisport in Frankfurt und sind Teil eines starken Netzwerks engagierter Partner. Die L\u00f6wen Frankfurt stehen f\u00fcr [&hellip;]","og_url":"https:\/\/seamo.de\/en\/sponsoring\/","og_site_name":"SEAMO","article_modified_time":"2026-02-27T02:48:45+00:00","og_image":[{"url":"https:\/\/seamo.de\/wp-content\/uploads\/2026\/02\/logo-2-1_optimized-838x1024.png"}],"twitter_card":"summary_large_image","twitter_misc":{"Est. reading time":"1 minute"},"schema":{"@context":"https:\/\/schema.org","@graph":[{"@type":"WebPage","@id":"https:\/\/seamo.de\/sponsoring\/","url":"https:\/\/seamo.de\/sponsoring\/","name":"Sponsoring | SEAMO","isPartOf":{"@id":"https:\/\/seamo.de\/#website"},"datePublished":"2026-02-23T17:54:20+00:00","dateModified":"2026-02-27T02:48:45+00:00","breadcrumb":{"@id":"https:\/\/seamo.de\/sponsoring\/#breadcrumb"},"inLanguage":"en-US","potentialAction":[{"@type":"ReadAction","target":["https:\/\/seamo.de\/sponsoring\/"]}]},{"@type":"BreadcrumbList","@id":"https:\/\/seamo.de\/sponsoring\/#breadcrumb","itemListElement":[{"@type":"ListItem","position":1,"name":"Home","item":"https:\/\/seamo.de\/"},{"@type":"ListItem","position":2,"name":"Sponsoring"}]},{"@type":"WebSite","@id":"https:\/\/seamo.de\/#website","url":"https:\/\/seamo.de\/","name":"SEAMO","description":"Safe, Electrified &amp; Autonomous Mobility","potentialAction":[{"@type":"SearchAction","target":{"@type":"EntryPoint","urlTemplate":"https:\/\/seamo.de\/?s={search_term_string}"},"query-input":"required name=search_term_string"}],"inLanguage":"en-US"}]}},"_links":{"self":[{"href":"https:\/\/seamo.de\/en\/wp-json\/wp\/v2\/pages\/6818"}],"collection":[{"href":"https:\/\/seamo.de\/en\/wp-json\/wp\/v2\/pages"}],"about":[{"href":"https:\/\/seamo.de\/en\/wp-json\/wp\/v2\/types\/page"}],"author":[{"embeddable":true,"href":"https:\/\/seamo.de\/en\/wp-json\/wp\/v2\/users\/1"}],"replies":[{"embeddable":true,"href":"https:\/\/seamo.de\/en\/wp-json\/wp\/v2\/comments?post=6818"}],"version-history":[{"count":44,"href":"https:\/\/seamo.de\/en\/wp-json\/wp\/v2\/pages\/6818\/revisions"}],"predecessor-version":[{"id":6867,"href":"https:\/\/seamo.de\/en\/wp-json\/wp\/v2\/pages\/6818\/revisions\/6867"}],"wp:attachment":[{"href":"https:\/\/seamo.de\/en\/wp-json\/wp\/v2\/media?parent=6818"}],"curies":[{"name":"wp","href":"https:\/\/api.w.org\/{rel}","templated":true}]}}